{"id":233972,"date":"2024-10-30T09:05:08","date_gmt":"2024-10-30T08:05:08","guid":{"rendered":"https:\/\/www.rister.ch\/il-vostro-esperto-andres-taracido\/"},"modified":"2026-03-24T16:23:32","modified_gmt":"2026-03-24T15:23:32","slug":"il-vostro-esperto-andres-taracido","status":"publish","type":"page","link":"https:\/\/www.rister.ch\/it\/il-vostro-esperto-andres-taracido\/","title":{"rendered":"Il Vostro Esperto Andres Taracido"},"content":{"rendered":"<p>[et_pb_section fb_built=&#8221;1&#8243; _builder_version=&#8221;4.27.2&#8243; _module_preset=&#8221;default&#8221; global_colors_info=&#8221;{}&#8221;][et_pb_row column_structure=&#8221;1_2,1_2&#8243; _builder_version=&#8221;4.27.2&#8243; _module_preset=&#8221;default&#8221; width=&#8221;100%&#8221; max_width=&#8221;1225px&#8221; module_alignment=&#8221;center&#8221; global_colors_info=&#8221;{}&#8221;][et_pb_column type=&#8221;1_2&#8243; _builder_version=&#8221;4.27.2&#8243; _module_preset=&#8221;default&#8221; global_colors_info=&#8221;{}&#8221;][et_pb_image src=&#8221;https:\/\/www.rister.ch\/wp-content\/uploads\/2024\/10\/Team-RISTER-Sarl.jpg&#8221; title_text=&#8221;Team RISTER Sa\u0300rl&#8221; _builder_version=&#8221;4.27.2&#8243; _module_preset=&#8221;default&#8221; global_colors_info=&#8221;{}&#8221;][\/et_pb_image][\/et_pb_column][et_pb_column type=&#8221;1_2&#8243; _builder_version=&#8221;4.27.2&#8243; _module_preset=&#8221;default&#8221; global_colors_info=&#8221;{}&#8221;][et_pb_text _builder_version=&#8221;4.27.4&#8243; _module_preset=&#8221;default&#8221; text_text_color=&#8221;#878787&#8243; header_2_text_color=&#8221;#152842&#8243; header_2_font_size=&#8221;34px&#8221; header_2_line_height=&#8221;42px&#8221; hover_enabled=&#8221;0&#8243; global_colors_info=&#8221;{}&#8221; sticky_enabled=&#8221;0&#8243;]<\/p>\n<div class=\"title-button\">DIRETTORE<\/div>\n<h1>Andr\u00e9s Taracido, CIWM TEP<\/h1>\n<p>Nato nel 1972 e originario di Ginevra, Andr\u00e9s Taracido ha conseguito un Diploma federale di esperto in finanza e investimenti; un diploma di Certified International Wealth Manager (CIWM); un diploma della Society of Trust and Estate Practitioners (STEP) e ha ottenuto l&#8217;accreditamento TEP; un CAS in Fiscalit\u00e0 delle PMI e una certificazione in Assicurazioni e Previdenza IAF.<\/p>\n<p>Andr\u00e9s Taracido \u00e8 un professionista altamente qualificato ed esperto con una solida comprensione delle leggi e dei regolamenti applicabili nella costituzione e nell&#8217;amministrazione di societ\u00e0 svizzere e fondazioni. \u00c8 responsabile della gestione dell&#8217;amministrazione di societ\u00e0 in Svizzera e a livello internazionale per conto dei suoi clienti, imprenditori, famiglie e aziende. La sua competenza e la sua capacit\u00e0 di gestire efficacemente l&#8217;amministrazione delle societ\u00e0 lo rendono un partner prezioso per tutti i clienti che desiderano stabilirsi in Svizzera.[\/et_pb_text][\/et_pb_column][\/et_pb_row][et_pb_row _builder_version=&#8221;4.27.2&#8243; _module_preset=&#8221;default&#8221; global_colors_info=&#8221;{}&#8221;][et_pb_column type=&#8221;4_4&#8243; _builder_version=&#8221;4.27.2&#8243; _module_preset=&#8221;default&#8221; global_colors_info=&#8221;{}&#8221;][et_pb_text _builder_version=&#8221;4.27.2&#8243; _module_preset=&#8221;default&#8221; global_colors_info=&#8221;{}&#8221;]<\/p>\n<p>La sua esperienza e la sua capacit\u00e0 di gestire efficacemente l&#8217;amministrazione delle societ\u00e0 lo rendono un partner prezioso per tutti i clienti che desiderano stabilirsi in Svizzera.<\/p>\n<p>Andr\u00e9s Taracido si impegna a fornire consulenza e soluzioni su misura per ogni cliente, tenendo conto delle loro esigenze specifiche. Comprende che ogni situazione \u00e8 unica ed \u00e8 importante fornire risposte precise e rapide per garantire la soddisfazione dei suoi clienti. Che si tratti di problemi semplici o di situazioni pi\u00f9 complesse, si sforza di rispondere a tutte le richieste con professionalit\u00e0 e diligenza.  <\/p>\n<p>Il suo impegno verso i clienti \u00e8 totale. Prende a cuore la responsabilit\u00e0 dei loro progetti e si impegna a offrire un&#8217;esperienza di prim&#8217;ordine in ogni momento. <\/p>\n<p>In qualit\u00e0 di direttore, la qualit\u00e0 del suo lavoro dipende dal team che lo circonda, composto da professionisti qualificati ed esperti.<\/p>\n<p>Il suo team \u00e8 composto da specialisti in finanza e contabilit\u00e0, agenti fiduciari, contabili, fiscalisti e altri professionisti del settore amministrativo e legale. Ogni membro del suo team apporta competenze e conoscenze uniche che completano quelle del resto del team.<br \/>\n\u200d <\/p>\n<p>Andr\u00e9s Taracido e il suo team sono totalmente impegnati a mantenere aggiornate le proprie competenze seguendo regolarmente corsi di formazione e rimanendo informati sulle ultime tendenze e sui cambiamenti nelle leggi contabili, amministrative, fiscali e legali.<\/p>\n<p>In qualit\u00e0 di direttore, Andr\u00e9s Taracido considera il suo team il suo pi\u00f9 grande patrimonio. Crede fermamente che la collaborazione e la comunicazione siano essenziali per offrire servizi amministrativi di qualit\u00e0 superiore. <\/p>\n<p>\u200d<em>\u201cI nostri valori aziendali riflettono il nostro impegno a offrire un servizio di qualit\u00e0 superiore ai nostri clienti. Ci sforziamo di fornire soluzioni che rispondano alle loro esigenze specifiche, garantendo al contempo un&#8217;esperienza di prim&#8217;ordine. Siamo orgogliosi del nostro impegno verso i nostri clienti e lavoriamo sodo per garantire la loro soddisfazione in ogni fase del processo di costituzione, acquisizione di societ\u00e0 e della sua gestione amministrativa a lungo termine\u201d Andr\u00e9s Taracido, direttore.<\/p>\n<p>\u200d<\/em>Andr\u00e9s Taracido parla francese, inglese e spagnolo. Dispone di una vasta rete a Ginevra, in Svizzera e nel mondo. Tra le sue qualit\u00e0, ama dire di conoscere \u201cun po&#8217; di tutto\u201d, padroneggia i meccanismi amministrativi e contabili, uniti a un&#8217;eccellente conoscenza degli aspetti legali e fiscali del diritto svizzero. \u00c8 la persona da consultare per tutte le fasi dell&#8217;insediamento di un&#8217;azienda straniera sul territorio svizzero. Colui a cui affidare la propria rappresentanza in qualit\u00e0 di amministratore, gestore o direttore, sia per una societ\u00e0, una fondazione o un&#8217;associazione.[\/et_pb_text][\/et_pb_column][\/et_pb_row][\/et_pb_section][et_pb_section fb_built=&#8221;1&#8243; module_id=&#8221;contact-us&#8221; _builder_version=&#8221;4.27.2&#8243; _module_preset=&#8221;default&#8221; background_color=&#8221;#eff9f9&#8243; global_module=&#8221;479&#8243; saved_tabs=&#8221;all&#8221; global_colors_info=&#8221;{}&#8221;][et_pb_row column_structure=&#8221;1_2,1_2&#8243; module_id=&#8221;back_moving_contact&#8221; module_class=&#8221;custom-contact-form&#8221; _builder_version=&#8221;4.27.2&#8243; _module_preset=&#8221;default&#8221; global_colors_info=&#8221;{}&#8221;][et_pb_column type=&#8221;1_2&#8243; admin_label=&#8221;Colonne&#8221; _builder_version=&#8221;4.27.4&#8243; _module_preset=&#8221;default&#8221; global_colors_info=&#8221;{}&#8221;][et_pb_text _builder_version=&#8221;4.27.2&#8243; _module_preset=&#8221;default&#8221; header_4_font_size=&#8221;16px&#8221; global_colors_info=&#8221;{}&#8221;]<\/p>\n<p><span class=\"call-us-img\"><\/span><\/p>\n<h2>Contattaci<\/h2>\n<p>Attendiamo il vostro messaggio<\/p>\n<div class=\"contact-icon-address\"><\/div>\n<h3>Indirizzi<\/h3>\n<h4>Business center<\/h4>\n<p>Rue Adrien-Lachenal 26<br \/>1207 Gen\u00e8ve<br \/>Svizzera<\/p>\n<h4>Sede operativa<\/h4>\n<p>Rue Ferdinand-Hodler 23<br \/>1207 Gen\u00e8ve<br \/>Svizzera<\/p>\n<div class=\"contact-icon-phone\"><\/div>\n<h3>Telefono<\/h3>\n<p><a href=\"tel:0041225668245\">+41 (0)22 566 82 45<\/a><\/p>\n<p>[\/et_pb_text][\/et_pb_column][et_pb_column type=&#8221;1_2&#8243; module_class=&#8221;contact-form-square&#8221; _builder_version=&#8221;4.27.2&#8243; _module_preset=&#8221;default&#8221; global_colors_info=&#8221;{}&#8221;][et_pb_text module_class=&#8221;top-form&#8221; _builder_version=&#8221;4.27.4&#8243; _module_preset=&#8221;default&#8221; text_font=&#8221;|600|||||||&#8221; text_font_size=&#8221;1.38rem&#8221; global_colors_info=&#8221;{}&#8221;]<\/p>\n<p>Contattate i nostri esperti<\/p>\n<p>[\/et_pb_text][et_pb_code admin_label=&#8221;contact-form-7&#8243; _builder_version=&#8221;4.27.2&#8243; _module_preset=&#8221;default&#8221; global_colors_info=&#8221;{}&#8221;]\n<div class=\"wpcf7 no-js\" id=\"wpcf7-f233490-o1\" lang=\"it-IT\" dir=\"ltr\" data-wpcf7-id=\"233490\">\n<div class=\"screen-reader-response\"><p role=\"status\" aria-live=\"polite\" aria-atomic=\"true\"><\/p> <ul><\/ul><\/div>\n<form action=\"\/it\/wp-json\/wp\/v2\/pages\/233972#wpcf7-f233490-o1\" method=\"post\" class=\"wpcf7-form init\" aria-label=\"Modulo di contatto\" novalidate=\"novalidate\" data-status=\"init\">\n<fieldset class=\"hidden-fields-container\"><input type=\"hidden\" name=\"_wpcf7\" value=\"233490\" \/><input type=\"hidden\" name=\"_wpcf7_version\" value=\"6.1.5\" \/><input type=\"hidden\" name=\"_wpcf7_locale\" value=\"it_IT\" \/><input type=\"hidden\" name=\"_wpcf7_unit_tag\" value=\"wpcf7-f233490-o1\" \/><input type=\"hidden\" name=\"_wpcf7_container_post\" value=\"0\" \/><input type=\"hidden\" name=\"_wpcf7_posted_data_hash\" value=\"\" \/><input type=\"hidden\" name=\"_wpcf7_recaptcha_response\" value=\"\" \/>\n<\/fieldset>\n<p><span class=\"wpcf7-form-control-wrap\" data-name=\"service\"><select class=\"wpcf7-form-control wpcf7-select wpcf7-validates-as-required\" aria-required=\"true\" aria-invalid=\"false\" name=\"service\"><option value=\"\">Scegli un servizio<\/option><option value=\"Costituzione di societ\u00e0 Sagl \/ SA\">Costituzione di societ\u00e0 Sagl \/ SA<\/option><option value=\"Contabilit\u00e0, IVA, gestione salari\">Contabilit\u00e0, IVA, gestione salari<\/option><option value=\"Domiciliazione della societ\u00e0\">Domiciliazione della societ\u00e0<\/option><option value=\"Mandato di amministratore \/ direttore\">Mandato di amministratore \/ direttore<\/option><option value=\"Rappresentanza fiscale IVA\">Rappresentanza fiscale IVA<\/option><option value=\"Consulenza &amp; Audit\">Consulenza &amp; Audit<\/option><option value=\"Altro\">Altro<\/option><\/select><\/span>\n<\/p>\n<p><span class=\"wpcf7-form-control-wrap\" data-name=\"civilite\"><span class=\"wpcf7-form-control wpcf7-radio\"><span class=\"wpcf7-list-item first\"><label><input type=\"radio\" name=\"civilite\" value=\"Signor\" \/><span class=\"wpcf7-list-item-label\">Signor<\/span><\/label><\/span><span class=\"wpcf7-list-item last\"><label><input type=\"radio\" name=\"civilite\" value=\"Signora\" \/><span class=\"wpcf7-list-item-label\">Signora<\/span><\/label><\/span><\/span><\/span>\n<\/p>\n<p><label>Nome* :<\/label><span class=\"wpcf7-form-control-wrap\" data-name=\"firstname\"><input size=\"40\" maxlength=\"400\" class=\"wpcf7-form-control wpcf7-text wpcf7-validates-as-required\" aria-required=\"true\" aria-invalid=\"false\" placeholder=\"Il tuo nome\" value=\"\" type=\"text\" name=\"firstname\" \/><\/span>\n<\/p>\n<p><label>Cognome* :<\/label><span class=\"wpcf7-form-control-wrap\" data-name=\"lastname\"><input size=\"40\" maxlength=\"400\" class=\"wpcf7-form-control wpcf7-text wpcf7-validates-as-required\" aria-required=\"true\" aria-invalid=\"false\" placeholder=\"Il tuo cognome\" value=\"\" type=\"text\" name=\"lastname\" \/><\/span>\n<\/p>\n<p><label>Email* :<\/label><span class=\"wpcf7-form-control-wrap\" data-name=\"email\"><input size=\"40\" maxlength=\"400\" class=\"wpcf7-form-control wpcf7-email wpcf7-validates-as-required wpcf7-text wpcf7-validates-as-email\" autocomplete=\"email\" aria-required=\"true\" aria-invalid=\"false\" placeholder=\"Email\" value=\"\" type=\"email\" name=\"email\" \/><\/span>\n<\/p>\n<p><label>Telefono* :<\/label><span class=\"wpcf7-form-control-wrap\" data-name=\"phone\"><input size=\"40\" maxlength=\"400\" class=\"wpcf7-form-control wpcf7-tel wpcf7-validates-as-required wpcf7-text wpcf7-validates-as-tel\" autocomplete=\"tel\" aria-required=\"true\" aria-invalid=\"false\" placeholder=\"Telefono\" value=\"\" type=\"tel\" name=\"phone\" \/><\/span>\n<\/p>\n<p><span class=\"wpcf7-form-control-wrap\" data-name=\"message\"><textarea cols=\"40\" rows=\"10\" maxlength=\"2000\" class=\"wpcf7-form-control wpcf7-textarea wpcf7-validates-as-required\" aria-required=\"true\" aria-invalid=\"false\" placeholder=\"Parlaci del tuo progetto: obiettivo, tipo di societ\u00e0, tempistiche...\" name=\"message\"><\/textarea><\/span>\n<\/p>\n<div class=\"form-item form-acceptance\">\n\t<p><span class=\"wpcf7-form-control-wrap\" data-name=\"cmplz-acceptance\"><span class=\"wpcf7-form-control wpcf7-acceptance\"><span class=\"wpcf7-list-item\"><label><input type=\"checkbox\" name=\"cmplz-acceptance\" value=\"1\" aria-invalid=\"false\" \/><span class=\"wpcf7-list-item-label\">Per inviare questo modulo devi accettare la nostra \n    <a href=\"\/declaration-de-confidentialite\/\" target=\"_blank\">Informativa sulla privacy<\/a><\/span><\/label><\/span><\/span><\/span>\n\t<\/p>\n<\/div>\n<p><input class=\"wpcf7-form-control wpcf7-submit has-spinner\" type=\"submit\" value=\"Contattaci\" \/>\n<\/p><div class=\"wpcf7-response-output\" aria-hidden=\"true\"><\/div>\n<\/form>\n<\/div>\n[\/et_pb_code][\/et_pb_column][\/et_pb_row][\/et_pb_section]<\/p>\n","protected":false},"excerpt":{"rendered":"<p>DIRETTORE Andr\u00e9s Taracido, CIWM TEP Nato nel 1972 e originario di Ginevra, Andr\u00e9s Taracido ha conseguito un Diploma federale di esperto in finanza e investimenti; un diploma di Certified International Wealth Manager (CIWM); un diploma della Society of Trust and Estate Practitioners (STEP) e ha ottenuto l&#8217;accreditamento TEP; un CAS in Fiscalit\u00e0 delle PMI e [&hellip;]<\/p>\n","protected":false},"author":3,"featured_media":0,"parent":0,"menu_order":0,"comment_status":"closed","ping_status":"closed","template":"","meta":{"_acf_changed":false,"_et_pb_use_builder":"on","_et_pb_old_content":"","_et_gb_content_width":"","inline_featured_image":false,"footnotes":""},"class_list":["post-233972","page","type-page","status-publish","hentry"],"acf":[],"_links":{"self":[{"href":"https:\/\/www.rister.ch\/it\/wp-json\/wp\/v2\/pages\/233972","targetHints":{"allow":["GET"]}}],"collection":[{"href":"https:\/\/www.rister.ch\/it\/wp-json\/wp\/v2\/pages"}],"about":[{"href":"https:\/\/www.rister.ch\/it\/wp-json\/wp\/v2\/types\/page"}],"author":[{"embeddable":true,"href":"https:\/\/www.rister.ch\/it\/wp-json\/wp\/v2\/users\/3"}],"replies":[{"embeddable":true,"href":"https:\/\/www.rister.ch\/it\/wp-json\/wp\/v2\/comments?post=233972"}],"version-history":[{"count":10,"href":"https:\/\/www.rister.ch\/it\/wp-json\/wp\/v2\/pages\/233972\/revisions"}],"predecessor-version":[{"id":234021,"href":"https:\/\/www.rister.ch\/it\/wp-json\/wp\/v2\/pages\/233972\/revisions\/234021"}],"wp:attachment":[{"href":"https:\/\/www.rister.ch\/it\/wp-json\/wp\/v2\/media?parent=233972"}],"curies":[{"name":"wp","href":"https:\/\/api.w.org\/{rel}","templated":true}]}}