{"id":233810,"date":"2024-10-29T09:35:07","date_gmt":"2024-10-29T08:35:07","guid":{"rendered":"https:\/\/www.rister.ch\/contatto\/"},"modified":"2026-03-24T14:45:05","modified_gmt":"2026-03-24T13:45:05","slug":"contatto","status":"publish","type":"page","link":"https:\/\/www.rister.ch\/it\/contatto\/","title":{"rendered":"Contatto"},"content":{"rendered":"<p>[et_pb_section fb_built=&#8221;1&#8243; _builder_version=&#8221;4.27.5&#8243; _module_preset=&#8221;default&#8221; background_color=&#8221;#F8FAFE&#8221; custom_padding=&#8221;||0px|||&#8221; global_colors_info=&#8221;{}&#8221;][et_pb_row _builder_version=&#8221;4.27.4&#8243; _module_preset=&#8221;default&#8221; custom_padding=&#8221;0px||0px||false|false&#8221; global_colors_info=&#8221;{}&#8221;][et_pb_column type=&#8221;4_4&#8243; _builder_version=&#8221;4.27.4&#8243; _module_preset=&#8221;default&#8221; global_colors_info=&#8221;{}&#8221;][et_pb_text _builder_version=&#8221;4.27.5&#8243; _module_preset=&#8221;default&#8221; text_text_color=&#8221;#152842&#8243; text_font_size=&#8221;1rem&#8221; header_text_align=&#8221;center&#8221; text_orientation=&#8221;center&#8221; global_colors_info=&#8221;{}&#8221;]<\/p>\n<h1>Parla con il nostro Esperto per la tua societ\u00e0 a Ginevra<\/h1>\n<p>Costituzione della tua societ\u00e0 (S\u00e0rl, SA), apertura del conto bancario, domiciliazione, mandato di gerente \/ amministratore, fiscalit\u00e0, contabilit\u00e0, IVA, salari, permessi di lavoro, conformit\u00e0\u2026 i nostri esperti garantiscono un&#8217;esecuzione precisa, confidenziale e rigorosa, anche in situazioni complesse.<br \/>RISTER\u00ae affianca gli imprenditori che cercano un partner strategico, reattivo e capace di far progredire il loro progetto senza perdite di tempo.<\/p>\n<p>[\/et_pb_text][\/et_pb_column][\/et_pb_row][\/et_pb_section][et_pb_section fb_built=&#8221;1&#8243; admin_label=&#8221;Section Contact Footer&#8221; module_id=&#8221;contact-us&#8221; _builder_version=&#8221;4.27.4&#8243; _module_preset=&#8221;default&#8221; background_color=&#8221;#F8FAFE&#8221; global_module=&#8221;479&#8243; saved_tabs=&#8221;all&#8221; locked=&#8221;off&#8221; collapsed=&#8221;off&#8221; global_colors_info=&#8221;{}&#8221;][et_pb_row column_structure=&#8221;2_5,3_5&#8243; use_custom_gutter=&#8221;on&#8221; gutter_width=&#8221;1&#8243; make_equal=&#8221;on&#8221; _builder_version=&#8221;4.27.5&#8243; _module_preset=&#8221;default&#8221; background_color=&#8221;#FFFFFF&#8221; custom_padding=&#8221;0px||0px||true|false&#8221; custom_css_main_element=&#8221;padding: 0 !important;&#8221; border_radii=&#8221;on|24px|24px|24px|24px&#8221; locked=&#8221;off&#8221; global_colors_info=&#8221;{}&#8221;][et_pb_column type=&#8221;2_5&#8243; _builder_version=&#8221;4.27.5&#8243; _module_preset=&#8221;default&#8221; border_width_right=&#8221;2px&#8221; border_color_right=&#8221;#e2e8f0&#8243; border_width_right_tablet=&#8221;&#8221; border_width_right_phone=&#8221;&#8221; border_width_right_last_edited=&#8221;on|desktop&#8221; global_colors_info=&#8221;{}&#8221;][et_pb_text _builder_version=&#8221;4.27.5&#8243; _module_preset=&#8221;default&#8221; text_font=&#8221;|600|||||||&#8221; text_text_color=&#8221;#FFFFFF&#8221; header_2_font=&#8221;|800|||||||&#8221; header_2_text_color=&#8221;#FFFFFF&#8221; header_2_font_size=&#8221;40px&#8221; use_background_color_gradient=&#8221;on&#8221; background_color_gradient_direction=&#8221;135deg&#8221; background_color_gradient_stops=&#8221;rgba(0,121,142,0.71) 0%|rgba(0,173,191,0.51) 100%&#8221; background_color_gradient_overlays_image=&#8221;on&#8221; background_image=&#8221;https:\/\/www.rister.ch\/wp-content\/uploads\/2025\/12\/bureau-Rister-fiduciaire-geneve.jpeg&#8221; height=&#8221;320px&#8221; custom_margin=&#8221;||||false|false&#8221; custom_padding=&#8221;||||false|false&#8221; hover_enabled=&#8221;0&#8243; custom_css_main_element=&#8221;    padding: 50px 40px;||    display: flex;||    flex-direction: column;||    justify-content: center;&#8221; text_text_shadow_style=&#8221;preset3&#8243; header_2_text_shadow_style=&#8221;preset3&#8243; global_colors_info=&#8221;{}&#8221; header_2_font_size_phone=&#8221;32px&#8221; header_2_font_size_last_edited=&#8221;on|phone&#8221; sticky_enabled=&#8221;0&#8243; header_2_font_size_tablet=&#8221;40px&#8221;]<\/p>\n<h2>Metti in sicurezza il tuo progetto in Svizzera<\/h2>\n<div class=\"hero-section\">\n<div class=\"hero-content\">\n<p>Contattaci per la tua consulenza iniziale. Definiamo insieme i prossimi passi del tuo progetto <\/p>\n<\/div>\n<\/div>\n<p>[\/et_pb_text][et_pb_text _builder_version=&#8221;4.27.5&#8243; _module_preset=&#8221;default&#8221; global_colors_info=&#8221;{}&#8221;]<\/p>\n<div class=\"rister-contact-info\">\n<div class=\"contact-info-item\">\n<div class=\"contact-icon\"><span class=\"et-pb-icon\">\ue081<\/span><\/div>\n<div class=\"contact-content\">\n<h3>Sede amministrativa<\/h3>\n<p>Rue Ferdinand-Hodler 23<\/p>\n<p>1207 Ginevra, Svizzera<\/p>\n<\/div>\n<\/div>\n<div class=\"contact-info-item\">\n<div class=\"contact-icon\"><span class=\"et-pb-icon\">\ue0fd<\/span><\/div>\n<div class=\"contact-content\">\n<h3>Business Center<\/h3>\n<p>Rue Adrien-Lachenal 26<\/p>\n<p>1207 Ginevra, Svizzera<\/p>\n<\/div>\n<\/div>\n<p><a href=\"tel:+41225668245\" class=\"contact-info-item contact-info-link\"><\/p>\n<div class=\"contact-icon\"><span class=\"et-pb-icon\">\ue090<\/span><\/div>\n<div class=\"contact-content\">\n<h3>Telefono<\/h3>\n<p>+41 (0)22 566 82 45<\/p>\n<\/div>\n<p><\/a><\/p>\n<\/div>\n<p>[\/et_pb_text][\/et_pb_column][et_pb_column type=&#8221;3_5&#8243; _builder_version=&#8221;4.27.5&#8243; _module_preset=&#8221;default&#8221; custom_padding=&#8221;60px|100px|60px|100px|true|true&#8221; custom_padding_tablet=&#8221;|0px||0px|true|true&#8221; custom_padding_phone=&#8221;&#8221; custom_padding_last_edited=&#8221;on|phone&#8221; global_colors_info=&#8221;{}&#8221;][et_pb_text _builder_version=&#8221;4.27.5&#8243; _module_preset=&#8221;default&#8221; text_text_color=&#8221;#5b697b&#8221; text_font_size=&#8221;16px&#8221; header_3_font=&#8221;|800|||||||&#8221; header_3_text_color=&#8221;#152842&#8243; header_3_font_size=&#8221;30px&#8221; min_height=&#8221;63.8px&#8221; custom_margin=&#8221;||8px||false|false&#8221; global_colors_info=&#8221;{}&#8221;]<\/p>\n<h3>Contatta l&#8217;esperto<\/h3>\n<p data-start=\"1344\" data-end=\"1413\">Compila il modulo e ti risponderemo al pi\u00f9 presto.<\/p>\n<p>[\/et_pb_text][et_pb_code admin_label=&#8221;contact-form-7&#8243; _builder_version=&#8221;4.27.5&#8243; _module_preset=&#8221;default&#8221; custom_padding=&#8221;||||true|true&#8221; global_colors_info=&#8221;{}&#8221;]\n<div class=\"wpcf7 no-js\" id=\"wpcf7-f233490-o1\" lang=\"it-IT\" dir=\"ltr\" data-wpcf7-id=\"233490\">\n<div class=\"screen-reader-response\"><p role=\"status\" aria-live=\"polite\" aria-atomic=\"true\"><\/p> <ul><\/ul><\/div>\n<form action=\"\/it\/wp-json\/wp\/v2\/pages\/233810#wpcf7-f233490-o1\" method=\"post\" class=\"wpcf7-form init\" aria-label=\"Modulo di contatto\" novalidate=\"novalidate\" data-status=\"init\">\n<fieldset class=\"hidden-fields-container\"><input type=\"hidden\" name=\"_wpcf7\" value=\"233490\" \/><input type=\"hidden\" name=\"_wpcf7_version\" value=\"6.1.5\" \/><input type=\"hidden\" name=\"_wpcf7_locale\" value=\"it_IT\" \/><input type=\"hidden\" name=\"_wpcf7_unit_tag\" value=\"wpcf7-f233490-o1\" \/><input type=\"hidden\" name=\"_wpcf7_container_post\" value=\"0\" \/><input type=\"hidden\" name=\"_wpcf7_posted_data_hash\" value=\"\" \/><input type=\"hidden\" name=\"_wpcf7_recaptcha_response\" value=\"\" \/>\n<\/fieldset>\n<p><span class=\"wpcf7-form-control-wrap\" data-name=\"service\"><select class=\"wpcf7-form-control wpcf7-select wpcf7-validates-as-required\" aria-required=\"true\" aria-invalid=\"false\" name=\"service\"><option value=\"\">Scegli un servizio<\/option><option value=\"Costituzione di societ\u00e0 Sagl \/ SA\">Costituzione di societ\u00e0 Sagl \/ SA<\/option><option value=\"Contabilit\u00e0, IVA, gestione salari\">Contabilit\u00e0, IVA, gestione salari<\/option><option value=\"Domiciliazione della societ\u00e0\">Domiciliazione della societ\u00e0<\/option><option value=\"Mandato di amministratore \/ direttore\">Mandato di amministratore \/ direttore<\/option><option value=\"Rappresentanza fiscale IVA\">Rappresentanza fiscale IVA<\/option><option value=\"Consulenza &amp; Audit\">Consulenza &amp; Audit<\/option><option value=\"Altro\">Altro<\/option><\/select><\/span>\n<\/p>\n<p><span class=\"wpcf7-form-control-wrap\" data-name=\"civilite\"><span class=\"wpcf7-form-control wpcf7-radio\"><span class=\"wpcf7-list-item first\"><label><input type=\"radio\" name=\"civilite\" value=\"Signor\" \/><span class=\"wpcf7-list-item-label\">Signor<\/span><\/label><\/span><span class=\"wpcf7-list-item last\"><label><input type=\"radio\" name=\"civilite\" value=\"Signora\" \/><span class=\"wpcf7-list-item-label\">Signora<\/span><\/label><\/span><\/span><\/span>\n<\/p>\n<p><label>Nome* :<\/label><span class=\"wpcf7-form-control-wrap\" data-name=\"firstname\"><input size=\"40\" maxlength=\"400\" class=\"wpcf7-form-control wpcf7-text wpcf7-validates-as-required\" aria-required=\"true\" aria-invalid=\"false\" placeholder=\"Il tuo nome\" value=\"\" type=\"text\" name=\"firstname\" \/><\/span>\n<\/p>\n<p><label>Cognome* :<\/label><span class=\"wpcf7-form-control-wrap\" data-name=\"lastname\"><input size=\"40\" maxlength=\"400\" class=\"wpcf7-form-control wpcf7-text wpcf7-validates-as-required\" aria-required=\"true\" aria-invalid=\"false\" placeholder=\"Il tuo cognome\" value=\"\" type=\"text\" name=\"lastname\" \/><\/span>\n<\/p>\n<p><label>Email* :<\/label><span class=\"wpcf7-form-control-wrap\" data-name=\"email\"><input size=\"40\" maxlength=\"400\" class=\"wpcf7-form-control wpcf7-email wpcf7-validates-as-required wpcf7-text wpcf7-validates-as-email\" autocomplete=\"email\" aria-required=\"true\" aria-invalid=\"false\" placeholder=\"Email\" value=\"\" type=\"email\" name=\"email\" \/><\/span>\n<\/p>\n<p><label>Telefono* :<\/label><span class=\"wpcf7-form-control-wrap\" data-name=\"phone\"><input size=\"40\" maxlength=\"400\" class=\"wpcf7-form-control wpcf7-tel wpcf7-validates-as-required wpcf7-text wpcf7-validates-as-tel\" autocomplete=\"tel\" aria-required=\"true\" aria-invalid=\"false\" placeholder=\"Telefono\" value=\"\" type=\"tel\" name=\"phone\" \/><\/span>\n<\/p>\n<p><span class=\"wpcf7-form-control-wrap\" data-name=\"message\"><textarea cols=\"40\" rows=\"10\" maxlength=\"2000\" class=\"wpcf7-form-control wpcf7-textarea wpcf7-validates-as-required\" aria-required=\"true\" aria-invalid=\"false\" placeholder=\"Parlaci del tuo progetto: obiettivo, tipo di societ\u00e0, tempistiche...\" name=\"message\"><\/textarea><\/span>\n<\/p>\n<div class=\"form-item form-acceptance\">\n\t<p><span class=\"wpcf7-form-control-wrap\" data-name=\"cmplz-acceptance\"><span class=\"wpcf7-form-control wpcf7-acceptance\"><span class=\"wpcf7-list-item\"><label><input type=\"checkbox\" name=\"cmplz-acceptance\" value=\"1\" aria-invalid=\"false\" \/><span class=\"wpcf7-list-item-label\">Per inviare questo modulo devi accettare la nostra \n    <a href=\"\/declaration-de-confidentialite\/\" target=\"_blank\">Informativa sulla privacy<\/a><\/span><\/label><\/span><\/span><\/span>\n\t<\/p>\n<\/div>\n<p><input class=\"wpcf7-form-control wpcf7-submit has-spinner\" type=\"submit\" value=\"Contattaci\" \/>\n<\/p><div class=\"wpcf7-response-output\" aria-hidden=\"true\"><\/div>\n<\/form>\n<\/div>\n[\/et_pb_code][\/et_pb_column][\/et_pb_row][\/et_pb_section][et_pb_section fb_built=&#8221;1&#8243; fullwidth=&#8221;on&#8221; _builder_version=&#8221;4.27.2&#8243; _module_preset=&#8221;default&#8221; global_colors_info=&#8221;{}&#8221;][et_pb_fullwidth_code _builder_version=&#8221;4.27.2&#8243; _module_preset=&#8221;default&#8221; global_colors_info=&#8221;{}&#8221;]<iframe src=\"https:\/\/www.google.com\/maps\/embed?pb=!1m14!1m8!1m3!1d11046.260480456443!2d6.15615!3d46.199212!3m2!1i1024!2i768!4f13.1!3m3!1m2!1s0x478c65337833b917%3A0x9211e19c767fb58a!2sRISTER%20S%C3%A0rl%20-%20Fiduciaire%20Gen%C3%A8ve!5e0!3m2!1sen!2sch!4v1730372598541!5m2!1sen!2sch\" width=\"100%\" height=\"450\" style=\"border:0;\" allowfullscreen=\"\" loading=\"lazy\" referrerpolicy=\"no-referrer-when-downgrade\"><\/iframe>[\/et_pb_fullwidth_code][\/et_pb_section]<\/p>\n","protected":false},"excerpt":{"rendered":"<p>Parla con il nostro Esperto per la tua societ\u00e0 a Ginevra Costituzione della tua societ\u00e0 (S\u00e0rl, SA), apertura del conto bancario, domiciliazione, mandato di gerente \/ amministratore, fiscalit\u00e0, contabilit\u00e0, IVA, salari, permessi di lavoro, conformit\u00e0\u2026 i nostri esperti garantiscono un&#8217;esecuzione precisa, confidenziale e rigorosa, anche in situazioni complesse.RISTER\u00ae affianca gli imprenditori che cercano un partner [&hellip;]<\/p>\n","protected":false},"author":3,"featured_media":0,"parent":0,"menu_order":5,"comment_status":"closed","ping_status":"closed","template":"","meta":{"_acf_changed":false,"_et_pb_use_builder":"on","_et_pb_old_content":"","_et_gb_content_width":"","inline_featured_image":false,"footnotes":""},"class_list":["post-233810","page","type-page","status-publish","hentry"],"acf":[],"_links":{"self":[{"href":"https:\/\/www.rister.ch\/it\/wp-json\/wp\/v2\/pages\/233810","targetHints":{"allow":["GET"]}}],"collection":[{"href":"https:\/\/www.rister.ch\/it\/wp-json\/wp\/v2\/pages"}],"about":[{"href":"https:\/\/www.rister.ch\/it\/wp-json\/wp\/v2\/types\/page"}],"author":[{"embeddable":true,"href":"https:\/\/www.rister.ch\/it\/wp-json\/wp\/v2\/users\/3"}],"replies":[{"embeddable":true,"href":"https:\/\/www.rister.ch\/it\/wp-json\/wp\/v2\/comments?post=233810"}],"version-history":[{"count":1,"href":"https:\/\/www.rister.ch\/it\/wp-json\/wp\/v2\/pages\/233810\/revisions"}],"predecessor-version":[{"id":233816,"href":"https:\/\/www.rister.ch\/it\/wp-json\/wp\/v2\/pages\/233810\/revisions\/233816"}],"wp:attachment":[{"href":"https:\/\/www.rister.ch\/it\/wp-json\/wp\/v2\/media?parent=233810"}],"curies":[{"name":"wp","href":"https:\/\/api.w.org\/{rel}","templated":true}]}}