{"id":1713,"date":"2024-10-29T09:35:07","date_gmt":"2024-10-29T08:35:07","guid":{"rendered":"https:\/\/digital-romandie.ch\/digir410\/contact\/"},"modified":"2026-01-08T14:58:07","modified_gmt":"2026-01-08T13:58:07","slug":"contact","status":"publish","type":"page","link":"https:\/\/www.rister.ch\/es\/contact\/","title":{"rendered":"Contacto"},"content":{"rendered":"<p>[et_pb_section fb_built=\u00bb1&#8243; _builder_version=\u00bb4.27.5&#8243; _module_preset=\u00bbdefault\u00bb background_color=\u00bb#F8FAFE\u00bb custom_padding=\u00bb||0px|||\u00bb global_colors_info=\u00bb{}\u00bb][et_pb_row _builder_version=\u00bb4.27.4&#8243; _module_preset=\u00bbdefault\u00bb custom_padding=\u00bb0px||0px||false|false\u00bb global_colors_info=\u00bb{}\u00bb][et_pb_column type=\u00bb4_4&#8243; _builder_version=\u00bb4.27.4&#8243; _module_preset=\u00bbdefault\u00bb global_colors_info=\u00bb{}\u00bb][et_pb_text _builder_version=\u00bb4.27.4&#8243; _module_preset=\u00bbdefault\u00bb text_text_color=\u00bb#152842&#8243; text_font_size=\u00bb1rem\u00bb header_text_align=\u00bbcenter\u00bb text_orientation=\u00bbcenter\u00bb global_colors_info=\u00bb{}\u00bb]<\/p>\n<h1>Hable con nuestro experto para su empresa en Ginebra<\/h1>\n<p>Creaci\u00f3n de su empresa en Suiza (S\u00e0rl \/ SA), apertura de cuenta bancaria, domiciliaci\u00f3n, mandato de gerente o administrador, fiscalidad, contabilidad, IVA, n\u00f3minas, permisos de trabajo y cumplimiento normativo.<br \/>Nuestros expertos garantizan una ejecuci\u00f3n precisa, confidencial y rigurosa, incluso en situaciones complejas.<br \/>RISTER\u00ae acompa\u00f1a a emprendedores que buscan un socio estrat\u00e9gico, reactivo y capaz de hacer avanzar su proyecto sin p\u00e9rdida de tiempo.<\/p>\n<p>[\/et_pb_text][\/et_pb_column][\/et_pb_row][\/et_pb_section][et_pb_section fb_built=\u00bb1&#8243; admin_label=\u00bbSection Contact Footer\u00bb module_id=\u00bbcontact-us\u00bb _builder_version=\u00bb4.27.4&#8243; _module_preset=\u00bbdefault\u00bb background_color=\u00bb#F8FAFE\u00bb global_module=\u00bb479&#8243; saved_tabs=\u00bball\u00bb locked=\u00bboff\u00bb collapsed=\u00bboff\u00bb global_colors_info=\u00bb{}\u00bb][et_pb_row column_structure=\u00bb2_5,3_5&#8243; use_custom_gutter=\u00bbon\u00bb gutter_width=\u00bb1&#8243; make_equal=\u00bbon\u00bb _builder_version=\u00bb4.27.5&#8243; _module_preset=\u00bbdefault\u00bb background_color=\u00bb#FFFFFF\u00bb custom_padding=\u00bb0px||0px||true|false\u00bb border_radii=\u00bbon|24px|24px|24px|24px\u00bb locked=\u00bboff\u00bb global_colors_info=\u00bb{}\u00bb][et_pb_column type=\u00bb2_5&#8243; _builder_version=\u00bb4.27.5&#8243; _module_preset=\u00bbdefault\u00bb border_width_right=\u00bb2px\u00bb border_color_right=\u00bb#e2e8f0&#8243; border_width_right_tablet=\u00bb\u00bb border_width_right_phone=\u00bb\u00bb border_width_right_last_edited=\u00bbon|desktop\u00bb global_colors_info=\u00bb{}\u00bb][et_pb_text _builder_version=\u00bb4.27.5&#8243; _module_preset=\u00bbdefault\u00bb text_font=\u00bb|600|||||||\u00bb text_text_color=\u00bb#FFFFFF\u00bb header_2_font=\u00bb|800|||||||\u00bb header_2_text_color=\u00bb#FFFFFF\u00bb header_2_font_size=\u00bb40px\u00bb use_background_color_gradient=\u00bbon\u00bb background_color_gradient_direction=\u00bb135deg\u00bb background_color_gradient_stops=\u00bbrgba(0,121,142,0.71) 0%|rgba(0,173,191,0.51) 100%\u00bb background_color_gradient_overlays_image=\u00bbon\u00bb background_image=\u00bbhttps:\/\/www.rister.ch\/wp-content\/uploads\/2025\/12\/bureau-Rister-fiduciaire-geneve.jpeg\u00bb height=\u00bb320px\u00bb custom_margin=\u00bb||||false|false\u00bb custom_padding=\u00bb||||false|false\u00bb hover_enabled=\u00bb0&#8243; custom_css_main_element=\u00bb    padding: 50px 40px;||    display: flex;||    flex-direction: column;||    justify-content: center;\u00bb text_text_shadow_style=\u00bbpreset3&#8243; header_2_text_shadow_style=\u00bbpreset3&#8243; global_colors_info=\u00bb{}\u00bb sticky_enabled=\u00bb0&#8243;]<\/p>\n<h2>Hablemos de su proyecto en Suiza<\/h2>\n<div class=\"hero-section\">\n<div class=\"hero-content\">\n<p>Cont\u00e1ctenos para su consulta inicial. Definiremos juntos las pr\u00f3ximas etapas de su proyecto. <\/p>\n<\/div>\n<\/div>\n<p>[\/et_pb_text][et_pb_text _builder_version=\u00bb4.27.5&#8243; _module_preset=\u00bbdefault\u00bb hover_enabled=\u00bb0&#8243; global_colors_info=\u00bb{}\u00bb sticky_enabled=\u00bb0&#8243;]<\/p>\n<div class=\"rister-contact-info\">\n<div class=\"contact-info-item\">\n<div class=\"contact-icon\"><span class=\"et-pb-icon\">\ue081<\/span><\/div>\n<div class=\"contact-content\">\n<h3>Sede administrativa<\/h3>\n<p>Rue Ferdinand-Hodler 23<\/p>\n<p>1207 Ginebra, Suiza<\/p>\n<\/div>\n<\/div>\n<div class=\"contact-info-item\">\n<div class=\"contact-icon\"><span class=\"et-pb-icon\">\ue0fd<\/span><\/div>\n<div class=\"contact-content\">\n<h3>Centro de negocios<\/h3>\n<p>Rue Adrien-Lachenal 26<\/p>\n<p>1207 Ginebra, Suiza<\/p>\n<\/div>\n<\/div>\n<p><a href=\"tel:+41225668245\" class=\"contact-info-item contact-info-link\"><\/p>\n<div class=\"contact-icon\"><span class=\"et-pb-icon\">\ue090<\/span><\/div>\n<div class=\"contact-content\">\n<h3>Tel\u00e9fono<\/h3>\n<p>+41 (0)22 566 82 45<\/p>\n<\/div>\n<p><\/a><\/p>\n<\/div>\n<p>[\/et_pb_text][\/et_pb_column][et_pb_column type=\u00bb3_5&#8243; _builder_version=\u00bb4.27.5&#8243; _module_preset=\u00bbdefault\u00bb custom_padding=\u00bb60px|100px|60px|100px|true|true\u00bb custom_padding_tablet=\u00bb|0px||0px|true|true\u00bb custom_padding_phone=\u00bb\u00bb custom_padding_last_edited=\u00bbon|phone\u00bb global_colors_info=\u00bb{}\u00bb][et_pb_text _builder_version=\u00bb4.27.5&#8243; _module_preset=\u00bbdefault\u00bb text_text_color=\u00bb#5b697b\u00bb text_font_size=\u00bb16px\u00bb header_3_font=\u00bb|800|||||||\u00bb header_3_text_color=\u00bb#152842&#8243; header_3_font_size=\u00bb30px\u00bb min_height=\u00bb63.8px\u00bb custom_margin=\u00bb||8px||false|false\u00bb hover_enabled=\u00bb0&#8243; global_colors_info=\u00bb{}\u00bb sticky_enabled=\u00bb0&#8243;]<\/p>\n<h3>Cont\u00e1ctenos<\/h3>\n<p data-start=\"1344\" data-end=\"1413\">Complete el formulario y nos pondremos en contacto con usted r\u00e1pidamente<\/p>\n<p>[\/et_pb_text][et_pb_code admin_label=\u00bbcontact-form-7&#8243; _builder_version=\u00bb4.27.5&#8243; _module_preset=\u00bbdefault\u00bb custom_padding=\u00bb||||true|true\u00bb hover_enabled=\u00bb0&#8243; global_colors_info=\u00bb{}\u00bb sticky_enabled=\u00bb0&#8243;]\n<div class=\"wpcf7 no-js\" id=\"wpcf7-f1746-o1\" lang=\"es-ES\" dir=\"ltr\" data-wpcf7-id=\"1746\">\n<div class=\"screen-reader-response\"><p role=\"status\" aria-live=\"polite\" aria-atomic=\"true\"><\/p> <ul><\/ul><\/div>\n<form action=\"\/es\/wp-json\/wp\/v2\/pages\/1713#wpcf7-f1746-o1\" method=\"post\" class=\"wpcf7-form init\" aria-label=\"Formulario de contacto\" novalidate=\"novalidate\" data-status=\"init\">\n<fieldset class=\"hidden-fields-container\"><input type=\"hidden\" name=\"_wpcf7\" value=\"1746\" \/><input type=\"hidden\" name=\"_wpcf7_version\" value=\"6.1.5\" \/><input type=\"hidden\" name=\"_wpcf7_locale\" value=\"es_ES\" \/><input type=\"hidden\" name=\"_wpcf7_unit_tag\" value=\"wpcf7-f1746-o1\" \/><input type=\"hidden\" name=\"_wpcf7_container_post\" value=\"0\" \/><input type=\"hidden\" name=\"_wpcf7_posted_data_hash\" value=\"\" \/><input type=\"hidden\" name=\"_wpcf7_recaptcha_response\" value=\"\" \/>\n<\/fieldset>\n<p><span class=\"wpcf7-form-control-wrap\" data-name=\"service\"><select class=\"wpcf7-form-control wpcf7-select wpcf7-validates-as-required\" aria-required=\"true\" aria-invalid=\"false\" name=\"service\"><option value=\"\">Elija un servicio<\/option><option value=\"Creaci\u00f3n de empresa S\u00e0rl \/ SA\">Creaci\u00f3n de empresa S\u00e0rl \/ SA<\/option><option value=\"Contabilidad, fiscalidad y IVA\">Contabilidad, fiscalidad y IVA<\/option><option value=\"Domiciliaci\u00f3n de empresa\">Domiciliaci\u00f3n de empresa<\/option><option value=\"Mandato de administrador \/ gerente\">Mandato de administrador \/ gerente<\/option><option value=\"Representaci\u00f3n fiscal IVA\">Representaci\u00f3n fiscal IVA<\/option><option value=\"Asesoramiento y auditor\u00eda\">Asesoramiento y auditor\u00eda<\/option><option value=\"Secretar\u00eda\">Secretar\u00eda<\/option><option value=\"Otro\">Otro<\/option><\/select><\/span>\n<\/p>\n<p><span class=\"wpcf7-form-control-wrap\" data-name=\"civilite\"><span class=\"wpcf7-form-control wpcf7-radio\"><span class=\"wpcf7-list-item first\"><label><input type=\"radio\" name=\"civilite\" value=\"Se\u00f1or\" \/><span class=\"wpcf7-list-item-label\">Se\u00f1or<\/span><\/label><\/span><span class=\"wpcf7-list-item last\"><label><input type=\"radio\" name=\"civilite\" value=\"Se\u00f1ora\" \/><span class=\"wpcf7-list-item-label\">Se\u00f1ora<\/span><\/label><\/span><\/span><\/span>\n<\/p>\n<p><label>Nombre* :<\/label><span class=\"wpcf7-form-control-wrap\" data-name=\"firstname\"><input size=\"40\" maxlength=\"400\" class=\"wpcf7-form-control wpcf7-text wpcf7-validates-as-required\" aria-required=\"true\" aria-invalid=\"false\" placeholder=\"Su nombre\" value=\"\" type=\"text\" name=\"firstname\" \/><\/span>\n<\/p>\n<p><label>Apellido* :<\/label><span class=\"wpcf7-form-control-wrap\" data-name=\"lastname\"><input size=\"40\" maxlength=\"400\" class=\"wpcf7-form-control wpcf7-text wpcf7-validates-as-required\" aria-required=\"true\" aria-invalid=\"false\" placeholder=\"Su apellido\" value=\"\" type=\"text\" name=\"lastname\" \/><\/span>\n<\/p>\n<p><label>Email* :<\/label><span class=\"wpcf7-form-control-wrap\" data-name=\"email\"><input size=\"40\" maxlength=\"400\" class=\"wpcf7-form-control wpcf7-email wpcf7-validates-as-required wpcf7-text wpcf7-validates-as-email\" autocomplete=\"email\" aria-required=\"true\" aria-invalid=\"false\" placeholder=\"Email\" value=\"\" type=\"email\" name=\"email\" \/><\/span>\n<\/p>\n<p><label>Tel\u00e9fono* :<\/label><span class=\"wpcf7-form-control-wrap\" data-name=\"phone\"><input size=\"40\" maxlength=\"400\" class=\"wpcf7-form-control wpcf7-tel wpcf7-validates-as-required wpcf7-text wpcf7-validates-as-tel\" autocomplete=\"tel\" aria-required=\"true\" aria-invalid=\"false\" placeholder=\"Tel\u00e9fono\" value=\"\" type=\"tel\" name=\"phone\" \/><\/span>\n<\/p>\n<p><span class=\"wpcf7-form-control-wrap\" data-name=\"message\"><textarea cols=\"40\" rows=\"10\" maxlength=\"2000\" class=\"wpcf7-form-control wpcf7-textarea wpcf7-validates-as-required\" aria-required=\"true\" aria-invalid=\"false\" placeholder=\"H\u00e1blenos de su proyecto: objetivo, tipo de empresa, plazos\u2026\" name=\"message\"><\/textarea><\/span>\n<\/p>\n<div class=\"form-item form-acceptance\">\n\t<p><span class=\"wpcf7-form-control-wrap\" data-name=\"cmplz-acceptance\"><span class=\"wpcf7-form-control wpcf7-acceptance\"><span class=\"wpcf7-list-item\"><label><input type=\"checkbox\" name=\"cmplz-acceptance\" value=\"1\" aria-invalid=\"false\" \/><span class=\"wpcf7-list-item-label\">Para enviar este formulario, debe aceptar nuestra \n    <a href=\"\/declaration-de-confidentialite\/\" target=\"_blank\">Declaraci\u00f3n de confidencialidad<\/a><\/span><\/label><\/span><\/span><\/span>\n\t<\/p>\n<\/div>\n<p><input class=\"wpcf7-form-control wpcf7-submit has-spinner\" type=\"submit\" value=\"Cont\u00e1ctenos\" \/>\n<\/p><div class=\"wpcf7-response-output\" aria-hidden=\"true\"><\/div>\n<\/form>\n<\/div>\n[\/et_pb_code][\/et_pb_column][\/et_pb_row][\/et_pb_section][et_pb_section fb_built=\u00bb1&#8243; fullwidth=\u00bbon\u00bb _builder_version=\u00bb4.27.2&#8243; _module_preset=\u00bbdefault\u00bb global_colors_info=\u00bb{}\u00bb][et_pb_fullwidth_code _builder_version=\u00bb4.27.2&#8243; _module_preset=\u00bbdefault\u00bb global_colors_info=\u00bb{}\u00bb]<iframe src=\"https:\/\/www.google.com\/maps\/embed?pb=!1m14!1m8!1m3!1d11046.260480456443!2d6.15615!3d46.199212!3m2!1i1024!2i768!4f13.1!3m3!1m2!1s0x478c65337833b917%3A0x9211e19c767fb58a!2sRISTER%20S%C3%A0rl%20-%20Fiduciaire%20Gen%C3%A8ve!5e0!3m2!1sen!2sch!4v1730372598541!5m2!1sen!2sch\" width=\"100%\" height=\"450\" style=\"border:0;\" allowfullscreen=\"\" loading=\"lazy\" referrerpolicy=\"no-referrer-when-downgrade\"><\/iframe>[\/et_pb_fullwidth_code][\/et_pb_section]<\/p>\n","protected":false},"excerpt":{"rendered":"<p>Hable con nuestro experto para su empresa en Ginebra Creaci\u00f3n de su empresa en Suiza (S\u00e0rl \/ SA), apertura de cuenta bancaria, domiciliaci\u00f3n, mandato de gerente o administrador, fiscalidad, contabilidad, IVA, n\u00f3minas, permisos de trabajo y cumplimiento normativo.Nuestros expertos garantizan una ejecuci\u00f3n precisa, confidencial y rigurosa, incluso en situaciones complejas.RISTER\u00ae acompa\u00f1a a emprendedores que buscan [&hellip;]<\/p>\n","protected":false},"author":3,"featured_media":0,"parent":0,"menu_order":5,"comment_status":"closed","ping_status":"closed","template":"","meta":{"_acf_changed":false,"_et_pb_use_builder":"on","_et_pb_old_content":"","_et_gb_content_width":"","inline_featured_image":false,"footnotes":""},"class_list":["post-1713","page","type-page","status-publish","hentry"],"acf":[],"_links":{"self":[{"href":"https:\/\/www.rister.ch\/es\/wp-json\/wp\/v2\/pages\/1713","targetHints":{"allow":["GET"]}}],"collection":[{"href":"https:\/\/www.rister.ch\/es\/wp-json\/wp\/v2\/pages"}],"about":[{"href":"https:\/\/www.rister.ch\/es\/wp-json\/wp\/v2\/types\/page"}],"author":[{"embeddable":true,"href":"https:\/\/www.rister.ch\/es\/wp-json\/wp\/v2\/users\/3"}],"replies":[{"embeddable":true,"href":"https:\/\/www.rister.ch\/es\/wp-json\/wp\/v2\/comments?post=1713"}],"version-history":[{"count":0,"href":"https:\/\/www.rister.ch\/es\/wp-json\/wp\/v2\/pages\/1713\/revisions"}],"wp:attachment":[{"href":"https:\/\/www.rister.ch\/es\/wp-json\/wp\/v2\/media?parent=1713"}],"curies":[{"name":"wp","href":"https:\/\/api.w.org\/{rel}","templated":true}]}}