{"id":1697,"date":"2024-10-30T09:05:08","date_gmt":"2024-10-30T08:05:08","guid":{"rendered":"https:\/\/digital-romandie.ch\/digir410\/votre-expert-andres-taracido\/"},"modified":"2025-11-25T12:19:33","modified_gmt":"2025-11-25T11:19:33","slug":"votre-expert-andres-taracido","status":"publish","type":"page","link":"https:\/\/www.rister.ch\/es\/su-experto-andres-taracido\/","title":{"rendered":"Su experto Andr\u00e9s Taracido"},"content":{"rendered":"<p>[et_pb_section fb_built=\u00bb1&#8243; _builder_version=\u00bb4.27.2&#8243; _module_preset=\u00bbdefault\u00bb global_colors_info=\u00bb{}\u00bb][et_pb_row column_structure=\u00bb1_2,1_2&#8243; _builder_version=\u00bb4.27.2&#8243; _module_preset=\u00bbdefault\u00bb width=\u00bb100%\u00bb max_width=\u00bb1225px\u00bb module_alignment=\u00bbcenter\u00bb global_colors_info=\u00bb{}\u00bb][et_pb_column type=\u00bb1_2&#8243; _builder_version=\u00bb4.27.2&#8243; _module_preset=\u00bbdefault\u00bb global_colors_info=\u00bb{}\u00bb][et_pb_image src=\u00bbhttps:\/\/www.rister.ch\/wp-content\/uploads\/2024\/10\/Team-RISTER-Sarl.jpg\u00bb title_text=\u00bbTeam RISTER Sa\u0300rl\u00bb _builder_version=\u00bb4.27.2&#8243; _module_preset=\u00bbdefault\u00bb global_colors_info=\u00bb{}\u00bb][\/et_pb_image][\/et_pb_column][et_pb_column type=\u00bb1_2&#8243; _builder_version=\u00bb4.27.2&#8243; _module_preset=\u00bbdefault\u00bb global_colors_info=\u00bb{}\u00bb][et_pb_text _builder_version=\u00bb4.27.4&#8243; _module_preset=\u00bbdefault\u00bb text_text_color=\u00bb#878787&#8243; header_2_text_color=\u00bb#152842&#8243; header_2_font_size=\u00bb34px\u00bb header_2_line_height=\u00bb42px\u00bb hover_enabled=\u00bb0&#8243; global_colors_info=\u00bb{}\u00bb sticky_enabled=\u00bb0&#8243;]<\/p>\n<h5 class=\"title-button\">DIRECTOR<\/h5>\n<h1>Andr\u00e9s Taracido, CIWM TEP<\/h1>\n<p>Nacido en 1972 y originario de Ginebra, Andr\u00e9s Taracido ha obtenido un Diploma Federal de Experto en Finanzas e Inversiones; un certificado de Certified International Wealth Manager (CIWM); un diploma de la Society of Trust and Estate Practitioners (STEP) y ha obtenido la acreditaci\u00f3n TEP; luego, un Certificado de Estudios Avanzados (CAS) en Fiscalidad de las Empresas \u00a0y Asesor Certificado en Seguros y Previsi\u00f3n (IAF).<\/p>\n<p>.<\/p>\n<p>Andr\u00e9s Taracido es un profesional altamente calificado y experimentado con un s\u00f3lido conocimiento de las leyes y regulaciones aplicables en la constituci\u00f3n y administraci\u00f3n de empresas suizas y fundaciones. Es responsable de gestionar la administraci\u00f3n de empresas en Suiza y a nivel internacional en nombre de sus clientes, incluyendo empresarios, familias y empresas. Su experiencia y habilidad para gestionar eficientemente la administraci\u00f3n de empresas lo convierten en un socio valioso para todos los clientes que deseen establecerse en Suiza.<\/p>\n<p>&nbsp;<\/p>\n<p>[\/et_pb_text][\/et_pb_column][\/et_pb_row][et_pb_row _builder_version=\u00bb4.27.2&#8243; _module_preset=\u00bbdefault\u00bb global_colors_info=\u00bb{}\u00bb][et_pb_column type=\u00bb4_4&#8243; _builder_version=\u00bb4.27.2&#8243; _module_preset=\u00bbdefault\u00bb global_colors_info=\u00bb{}\u00bb][et_pb_text _builder_version=\u00bb4.27.2&#8243; _module_preset=\u00bbdefault\u00bb global_colors_info=\u00bb{}\u00bb]<\/p>\n<p>Su experiencia y capacidad para gestionar eficazmente la administraci\u00f3n de empresas le convierten en un socio valioso para todos los clientes que deseen establecerse en Suiza.<\/p>\n<p>Andr\u00e9s Taracido se compromete a proporcionar asesoramiento y soluciones adaptadas a cada cliente, teniendo en cuenta sus necesidades espec\u00edficas. Entiende que cada situaci\u00f3n es \u00fanica y que es importante dar respuestas precisas y r\u00e1pidas para garantizar la satisfacci\u00f3n de sus clientes. Tanto si se trata de problemas sencillos como de situaciones m\u00e1s complejas, se esfuerza por responder a todas las solicitudes con profesionalidad y diligencia.<\/p>\n<p>Su compromiso con sus clientes es total. Se toma muy en serio la responsabilidad de sus proyectos y se compromete a ofrecer en todo momento una experiencia de primera clase.<\/p>\n<p>Como director, la calidad de su trabajo depende del equipo que le rodea, formado por profesionales cualificados y experimentados.<\/p>\n<p>Su equipo est\u00e1 formado por especialistas en finanzas y contabilidad, agentes fiduciarios, contables, especialistas fiscales y otros profesionales administrativos y jur\u00eddicos. Cada miembro de su equipo aporta habilidades y conocimientos \u00fanicos que complementan los del resto del equipo.<\/p>\n<p>Andr\u00e9s Taracido y su equipo est\u00e1n totalmente comprometidos a mantener sus habilidades actualizadas mediante la participaci\u00f3n regular en formaciones y manteni\u00e9ndose informados sobre las \u00faltimas tendencias y cambios en las leyes contables, administrativas, fiscales y legales.<\/p>\n<p>Como director, Andr\u00e9s Taracido considera que su equipo es su mayor activo. Cree firmemente que la colaboraci\u00f3n y la comunicaci\u00f3n son esenciales para ofrecer servicios administrativos de calidad superior.<\/p>\n<p><em>\u00abNuestras valores empresariales reflejan nuestro compromiso de ofrecer un servicio de calidad superior a nuestros clientes. Nos esforzamos por proporcionar soluciones que satisfagan sus necesidades espec\u00edficas y al mismo tiempo garantizar una experiencia de primera clase. Estamos orgullosos de nuestro compromiso con nuestros clientes y trabajamos arduamente para asegurar su satisfacci\u00f3n en cada etapa del proceso de establecimiento, adquisici\u00f3n de empresas y gesti\u00f3n administrativa a largo plazo\u00bb<\/em>. &#8211; Andr\u00e9s Taracido, director.<\/p>\n<p>Andr\u00e9s Taracido habla franc\u00e9s, ingl\u00e9s y espa\u00f1ol. Tiene una amplia red en Ginebra, Suiza y en todo el mundo. Entre sus cualidades, le gusta decir que conoce \u00abun poco de mucho\u00bb, domina los aspectos administrativos y contables, junto con un excelente conocimiento de los aspectos legales y fiscales del derecho suizo. Es la persona a consultar para todas las etapas de la instalaci\u00f3n de una empresa extranjera en Suiza. Aquel a quien confiar la representaci\u00f3n como administrador, gerente o director, ya sea de una sociedad, una fundaci\u00f3n o una asociaci\u00f3n.<\/p>\n<p>[\/et_pb_text][\/et_pb_column][\/et_pb_row][\/et_pb_section][et_pb_section fb_built=\u00bb1&#8243; module_id=\u00bbcontact-us\u00bb _builder_version=\u00bb4.27.2&#8243; _module_preset=\u00bbdefault\u00bb background_color=\u00bb#eff2f3&#8243; global_module=\u00bb1956&#8243; saved_tabs=\u00bball\u00bb global_colors_info=\u00bb{}\u00bb][et_pb_row column_structure=\u00bb1_2,1_2&#8243; module_id=\u00bbback_moving_contact\u00bb module_class=\u00bbcustom-contact-form\u00bb _builder_version=\u00bb4.27.2&#8243; _module_preset=\u00bbdefault\u00bb global_colors_info=\u00bb{}\u00bb][et_pb_column type=\u00bb1_2&#8243; _builder_version=\u00bb4.27.2&#8243; _module_preset=\u00bbdefault\u00bb global_colors_info=\u00bb{}\u00bb][et_pb_text _builder_version=\u00bb4.27.2&#8243; _module_preset=\u00bbdefault\u00bb global_colors_info=\u00bb{}\u00bb]<span class=\"call-us-img\"><\/span><\/p>\n<h2>Cont\u00e1ctenos<\/h2>\n<p>Esperamos su mensaje<\/p>\n<div class=\"contact-icon-address\">\u00a0<\/div>\n<h3>Direcci\u00f3n<\/h3>\n<p>Rue Adrien-Lachenal 26<br \/>1207 Geneva<br \/>Suisse<\/p>\n<div class=\"contact-icon-phone\">\u00a0<\/div>\n<h3>Tel\u00e9fono<\/h3>\n<p><a href=\"tel:0041225668245\">+41 (0)22 566 82 45<\/a><\/p>\n<p>[\/et_pb_text][\/et_pb_column][et_pb_column type=\u00bb1_2&#8243; module_class=\u00bbcontact-form-square\u00bb _builder_version=\u00bb4.27.2&#8243; _module_preset=\u00bbdefault\u00bb global_colors_info=\u00bb{}\u00bb][et_pb_text module_class=\u00bbtop-form\u00bb _builder_version=\u00bb4.27.2&#8243; _module_preset=\u00bbdefault\u00bb global_colors_info=\u00bb{}\u00bb]<\/p>\n<h3>Cont\u00e1ctenos<\/h3>\n<p>[\/et_pb_text][et_pb_code admin_label=\u00bbcontact-form-7&#8243; _builder_version=\u00bb4.27.2&#8243; _module_preset=\u00bbdefault\u00bb global_colors_info=\u00bb{}\u00bb]\n<div class=\"wpcf7 no-js\" id=\"wpcf7-f1746-o1\" lang=\"es-ES\" dir=\"ltr\" data-wpcf7-id=\"1746\">\n<div class=\"screen-reader-response\"><p role=\"status\" aria-live=\"polite\" aria-atomic=\"true\"><\/p> <ul><\/ul><\/div>\n<form action=\"\/es\/wp-json\/wp\/v2\/pages\/1697#wpcf7-f1746-o1\" method=\"post\" class=\"wpcf7-form init\" aria-label=\"Formulario de contacto\" novalidate=\"novalidate\" data-status=\"init\">\n<fieldset class=\"hidden-fields-container\"><input type=\"hidden\" name=\"_wpcf7\" value=\"1746\" \/><input type=\"hidden\" name=\"_wpcf7_version\" value=\"6.1.5\" \/><input type=\"hidden\" name=\"_wpcf7_locale\" value=\"es_ES\" \/><input type=\"hidden\" name=\"_wpcf7_unit_tag\" value=\"wpcf7-f1746-o1\" \/><input type=\"hidden\" name=\"_wpcf7_container_post\" value=\"0\" \/><input type=\"hidden\" name=\"_wpcf7_posted_data_hash\" value=\"\" \/><input type=\"hidden\" name=\"_wpcf7_recaptcha_response\" value=\"\" \/>\n<\/fieldset>\n<p><span class=\"wpcf7-form-control-wrap\" data-name=\"service\"><select class=\"wpcf7-form-control wpcf7-select wpcf7-validates-as-required\" aria-required=\"true\" aria-invalid=\"false\" name=\"service\"><option value=\"\">Elija un servicio<\/option><option value=\"Creaci\u00f3n de empresa S\u00e0rl \/ SA\">Creaci\u00f3n de empresa S\u00e0rl \/ SA<\/option><option value=\"Contabilidad, fiscalidad y IVA\">Contabilidad, fiscalidad y IVA<\/option><option value=\"Domiciliaci\u00f3n de empresa\">Domiciliaci\u00f3n de empresa<\/option><option value=\"Mandato de administrador \/ gerente\">Mandato de administrador \/ gerente<\/option><option value=\"Representaci\u00f3n fiscal IVA\">Representaci\u00f3n fiscal IVA<\/option><option value=\"Asesoramiento y auditor\u00eda\">Asesoramiento y auditor\u00eda<\/option><option value=\"Secretar\u00eda\">Secretar\u00eda<\/option><option value=\"Otro\">Otro<\/option><\/select><\/span>\n<\/p>\n<p><span class=\"wpcf7-form-control-wrap\" data-name=\"civilite\"><span class=\"wpcf7-form-control wpcf7-radio\"><span class=\"wpcf7-list-item first\"><label><input type=\"radio\" name=\"civilite\" value=\"Se\u00f1or\" \/><span class=\"wpcf7-list-item-label\">Se\u00f1or<\/span><\/label><\/span><span class=\"wpcf7-list-item last\"><label><input type=\"radio\" name=\"civilite\" value=\"Se\u00f1ora\" \/><span class=\"wpcf7-list-item-label\">Se\u00f1ora<\/span><\/label><\/span><\/span><\/span>\n<\/p>\n<p><label>Nombre* :<\/label><span class=\"wpcf7-form-control-wrap\" data-name=\"firstname\"><input size=\"40\" maxlength=\"400\" class=\"wpcf7-form-control wpcf7-text wpcf7-validates-as-required\" aria-required=\"true\" aria-invalid=\"false\" placeholder=\"Su nombre\" value=\"\" type=\"text\" name=\"firstname\" \/><\/span>\n<\/p>\n<p><label>Apellido* :<\/label><span class=\"wpcf7-form-control-wrap\" data-name=\"lastname\"><input size=\"40\" maxlength=\"400\" class=\"wpcf7-form-control wpcf7-text wpcf7-validates-as-required\" aria-required=\"true\" aria-invalid=\"false\" placeholder=\"Su apellido\" value=\"\" type=\"text\" name=\"lastname\" \/><\/span>\n<\/p>\n<p><label>Email* :<\/label><span class=\"wpcf7-form-control-wrap\" data-name=\"email\"><input size=\"40\" maxlength=\"400\" class=\"wpcf7-form-control wpcf7-email wpcf7-validates-as-required wpcf7-text wpcf7-validates-as-email\" autocomplete=\"email\" aria-required=\"true\" aria-invalid=\"false\" placeholder=\"Email\" value=\"\" type=\"email\" name=\"email\" \/><\/span>\n<\/p>\n<p><label>Tel\u00e9fono* :<\/label><span class=\"wpcf7-form-control-wrap\" data-name=\"phone\"><input size=\"40\" maxlength=\"400\" class=\"wpcf7-form-control wpcf7-tel wpcf7-validates-as-required wpcf7-text wpcf7-validates-as-tel\" autocomplete=\"tel\" aria-required=\"true\" aria-invalid=\"false\" placeholder=\"Tel\u00e9fono\" value=\"\" type=\"tel\" name=\"phone\" \/><\/span>\n<\/p>\n<p><span class=\"wpcf7-form-control-wrap\" data-name=\"message\"><textarea cols=\"40\" rows=\"10\" maxlength=\"2000\" class=\"wpcf7-form-control wpcf7-textarea wpcf7-validates-as-required\" aria-required=\"true\" aria-invalid=\"false\" placeholder=\"H\u00e1blenos de su proyecto: objetivo, tipo de empresa, plazos\u2026\" name=\"message\"><\/textarea><\/span>\n<\/p>\n<div class=\"form-item form-acceptance\">\n\t<p><span class=\"wpcf7-form-control-wrap\" data-name=\"cmplz-acceptance\"><span class=\"wpcf7-form-control wpcf7-acceptance\"><span class=\"wpcf7-list-item\"><label><input type=\"checkbox\" name=\"cmplz-acceptance\" value=\"1\" aria-invalid=\"false\" \/><span class=\"wpcf7-list-item-label\">Para enviar este formulario, debe aceptar nuestra \n    <a href=\"\/declaration-de-confidentialite\/\" target=\"_blank\">Declaraci\u00f3n de confidencialidad<\/a><\/span><\/label><\/span><\/span><\/span>\n\t<\/p>\n<\/div>\n<p><input class=\"wpcf7-form-control wpcf7-submit has-spinner\" type=\"submit\" value=\"Cont\u00e1ctenos\" \/>\n<\/p><div class=\"wpcf7-response-output\" aria-hidden=\"true\"><\/div>\n<\/form>\n<\/div>\n[\/et_pb_code][\/et_pb_column][\/et_pb_row][\/et_pb_section]<\/p>\n","protected":false},"excerpt":{"rendered":"<p>DIRECTOR Andr\u00e9s Taracido, CIWM TEP Nacido en 1972 y originario de Ginebra, Andr\u00e9s Taracido ha obtenido un Diploma Federal de Experto en Finanzas e Inversiones; un certificado de Certified International Wealth Manager (CIWM); un diploma de la Society of Trust and Estate Practitioners (STEP) y ha obtenido la acreditaci\u00f3n TEP; luego, un Certificado de Estudios [&hellip;]<\/p>\n","protected":false},"author":3,"featured_media":0,"parent":0,"menu_order":0,"comment_status":"closed","ping_status":"closed","template":"","meta":{"_acf_changed":false,"_et_pb_use_builder":"on","_et_pb_old_content":"","_et_gb_content_width":"","inline_featured_image":false,"footnotes":""},"class_list":["post-1697","page","type-page","status-publish","hentry"],"acf":[],"_links":{"self":[{"href":"https:\/\/www.rister.ch\/es\/wp-json\/wp\/v2\/pages\/1697","targetHints":{"allow":["GET"]}}],"collection":[{"href":"https:\/\/www.rister.ch\/es\/wp-json\/wp\/v2\/pages"}],"about":[{"href":"https:\/\/www.rister.ch\/es\/wp-json\/wp\/v2\/types\/page"}],"author":[{"embeddable":true,"href":"https:\/\/www.rister.ch\/es\/wp-json\/wp\/v2\/users\/3"}],"replies":[{"embeddable":true,"href":"https:\/\/www.rister.ch\/es\/wp-json\/wp\/v2\/comments?post=1697"}],"version-history":[{"count":0,"href":"https:\/\/www.rister.ch\/es\/wp-json\/wp\/v2\/pages\/1697\/revisions"}],"wp:attachment":[{"href":"https:\/\/www.rister.ch\/es\/wp-json\/wp\/v2\/media?parent=1697"}],"curies":[{"name":"wp","href":"https:\/\/api.w.org\/{rel}","templated":true}]}}