{"id":233980,"date":"2024-10-30T09:05:08","date_gmt":"2024-10-30T08:05:08","guid":{"rendered":"https:\/\/www.rister.ch\/ihr-experte-andres-taracido\/"},"modified":"2026-03-24T16:23:32","modified_gmt":"2026-03-24T15:23:32","slug":"ihr-experte-andres-taracido","status":"publish","type":"page","link":"https:\/\/www.rister.ch\/de\/ihr-experte-andres-taracido\/","title":{"rendered":"Ihr Experte Andr\u00e9s Taracido"},"content":{"rendered":"<p>[et_pb_section fb_built=&#8220;1&#8243; _builder_version=&#8220;4.27.2&#8243; _module_preset=&#8220;default&#8220; global_colors_info=&#8220;{}&#8220;][et_pb_row column_structure=&#8220;1_2,1_2&#8243; _builder_version=&#8220;4.27.2&#8243; _module_preset=&#8220;default&#8220; width=&#8220;100%&#8220; max_width=&#8220;1225px&#8220; module_alignment=&#8220;center&#8220; global_colors_info=&#8220;{}&#8220;][et_pb_column type=&#8220;1_2&#8243; _builder_version=&#8220;4.27.2&#8243; _module_preset=&#8220;default&#8220; global_colors_info=&#8220;{}&#8220;][et_pb_image src=&#8220;https:\/\/www.rister.ch\/wp-content\/uploads\/2024\/10\/Team-RISTER-Sarl.jpg&#8220; title_text=&#8220;Team RISTER S\u00e0rl&#8220; _builder_version=&#8220;4.27.2&#8243; _module_preset=&#8220;default&#8220; global_colors_info=&#8220;{}&#8220;][\/et_pb_image][\/et_pb_column][et_pb_column type=&#8220;1_2&#8243; _builder_version=&#8220;4.27.2&#8243; _module_preset=&#8220;default&#8220; global_colors_info=&#8220;{}&#8220;][et_pb_text _builder_version=&#8220;4.27.4&#8243; _module_preset=&#8220;default&#8220; text_text_color=&#8220;#878787&#8243; header_2_text_color=&#8220;#152842&#8243; header_2_font_size=&#8220;34px&#8220; header_2_line_height=&#8220;42px&#8220; hover_enabled=&#8220;0&#8243; global_colors_info=&#8220;{}&#8220; sticky_enabled=&#8220;0&#8243;]<\/p>\n<div class=\"title-button\">DIREKTOR<\/div>\n<h1>Andr\u00e9s Taracido, CIWM TEP<\/h1>\n<p>Andr\u00e9s Taracido, Jahrgang 1972 und geb\u00fcrtig aus Genf, verf\u00fcgt \u00fcber ein eidgen\u00f6ssisches Diplom als Experte f\u00fcr Finanzen und Anlagen; ein Diplom als Certified International Wealth Manager (CIWM); ein Diplom der Society of Trust and Estate Practitioners (STEP) und die TEP-Akkreditierung; einen CAS in KMU-Besteuerung sowie eine Zertifizierung in Versicherungen und Vorsorge (IAF).<\/p>\n<p>Andr\u00e9s Taracido ist ein hochqualifizierter und erfahrener Fachmann mit einem fundierten Verst\u00e4ndnis der geltenden Gesetze und Vorschriften bei der Gr\u00fcndung und Verwaltung von Schweizer Gesellschaften und Stiftungen. Er ist verantwortlich f\u00fcr die Verwaltung von Gesellschaften in der Schweiz und international im Auftrag seiner Kunden, Unternehmer, Familien und Unternehmen. Seine Expertise und seine F\u00e4higkeit, die Gesellschaftsverwaltung effizient zu managen, machen ihn zu einem wertvollen Partner f\u00fcr alle Kunden, die sich in der Schweiz niederlassen m\u00f6chten.[\/et_pb_text][\/et_pb_column][\/et_pb_row][et_pb_row _builder_version=&#8220;4.27.2&#8243; _module_preset=&#8220;default&#8220; global_colors_info=&#8220;{}&#8220;][et_pb_column type=&#8220;4_4&#8243; _builder_version=&#8220;4.27.2&#8243; _module_preset=&#8220;default&#8220; global_colors_info=&#8220;{}&#8220;][et_pb_text _builder_version=&#8220;4.27.2&#8243; _module_preset=&#8220;default&#8220; global_colors_info=&#8220;{}&#8220;]<\/p>\n<p>Seine Expertise und seine F\u00e4higkeit, die Verwaltung von Gesellschaften effizient zu f\u00fchren, machen ihn zu einem wertvollen Partner f\u00fcr alle Kunden, die sich in der Schweiz niederlassen m\u00f6chten.<\/p>\n<p>Andr\u00e9s Taracido setzt sich daf\u00fcr ein, jedem Kunden eine auf ihn zugeschnittene Beratung und passende L\u00f6sungen zu bieten und dabei seine spezifischen Bed\u00fcrfnisse zu ber\u00fccksichtigen. Er versteht, dass jede Situation einzigartig ist, und dass es wichtig ist, pr\u00e4zise und schnelle Antworten zu geben, um die Zufriedenheit seiner Kunden zu gew\u00e4hrleisten. Ob es um einfache Anliegen oder komplexere Situationen geht, bem\u00fcht er sich, alle Anfragen professionell und mit der gebotenen Sorgfalt zu bearbeiten.  <\/p>\n<p>Sein Engagement f\u00fcr seine Kunden ist uneingeschr\u00e4nkt. Er nimmt die Verantwortung f\u00fcr ihre Projekte sehr ernst und verpflichtet sich, jederzeit erstklassige Expertise zu bieten. <\/p>\n<p>Als Direktor h\u00e4ngt die Qualit\u00e4t seiner Arbeit von dem Team ab, das ihn umgibt und aus qualifizierten und erfahrenen Fachleuten besteht.<\/p>\n<p>Sein Team besteht aus Spezialisten f\u00fcr Finanzen und Buchhaltung, Treuhandmitarbeitenden, Buchhaltern, Steuerexperten und weiteren Fachleuten aus dem administrativen und juristischen Bereich. Jedes Teammitglied bringt einzigartige Kompetenzen und Kenntnisse ein, die jene des \u00fcbrigen Teams erg\u00e4nzen.<br \/>\n\u200d <\/p>\n<p>Andr\u00e9s Taracido und sein Team sind voll und ganz darauf bedacht, ihre Kompetenzen auf dem neuesten Stand zu halten, indem sie regelm\u00e4ssig Weiterbildungen absolvieren und sich \u00fcber die neuesten Trends sowie \u00c4nderungen in den buchhalterischen, administrativen, steuerlichen und rechtlichen Vorschriften informieren.<\/p>\n<p>Als Direktor betrachtet Andr\u00e9s Taracido sein Team als sein gr\u00f6sstes Kapital. Er ist fest davon \u00fcberzeugt, dass Zusammenarbeit und Kommunikation entscheidend sind, um administrative Dienstleistungen von h\u00f6chster Qualit\u00e4t zu erbringen. <\/p>\n<p>\u200d<em>\u201eUnsere Unternehmenswerte spiegeln unser Engagement wider, unseren Kunden einen Service von h\u00f6chster Qualit\u00e4t zu bieten. Wir bem\u00fchen uns, L\u00f6sungen bereitzustellen, die ihren spezifischen Bed\u00fcrfnissen entsprechen, und gleichzeitig erstklassige Expertise zu gew\u00e4hrleisten. Wir sind stolz auf unser Engagement f\u00fcr unsere Kunden und arbeiten hart daran, ihre Zufriedenheit in jeder Phase des Gr\u00fcndungsprozesses, der \u00dcbernahme einer Gesellschaft und ihrer langfristigen administrativen Verwaltung sicherzustellen.\u201c Andr\u00e9s Taracido, Direktor.<\/p>\n<p>\u200d<\/em>Andr\u00e9s Taracido spricht Franz\u00f6sisch, Englisch und Spanisch. Er verf\u00fcgt \u00fcber ein umfangreiches Netzwerk in Genf, in der Schweiz und weltweit. Zu seinen Qualit\u00e4ten z\u00e4hlt er selbst gern, dass er \u201eein bisschen von vielem\u201c weiss, die administrativen und buchhalterischen Abl\u00e4ufe beherrscht und dies mit ausgezeichneten Kenntnissen der rechtlichen und steuerlichen Aspekte des Schweizer Rechts verbindet. Er ist der Ansprechpartner f\u00fcr alle Schritte bei der Ansiedlung eines ausl\u00e4ndischen Unternehmens in der Schweiz. Ihm kann man die Vertretung als Verwaltungsrat, Gesch\u00e4ftsf\u00fchrer oder Direktor anvertrauen \u2013 sei es bei einer Gesellschaft, einer Stiftung oder einem Verein.[\/et_pb_text][\/et_pb_column][\/et_pb_row][\/et_pb_section][et_pb_section fb_built=&#8220;1&#8243; module_id=&#8220;contact-us&#8220; _builder_version=&#8220;4.27.2&#8243; _module_preset=&#8220;default&#8220; background_color=&#8220;#eff9f9&#8243; global_module=&#8220;479&#8243; saved_tabs=&#8220;all&#8220; global_colors_info=&#8220;{}&#8220;][et_pb_row column_structure=&#8220;1_2,1_2&#8243; module_id=&#8220;back_moving_contact&#8220; module_class=&#8220;custom-contact-form&#8220; _builder_version=&#8220;4.27.2&#8243; _module_preset=&#8220;default&#8220; global_colors_info=&#8220;{}&#8220;][et_pb_column type=&#8220;1_2&#8243; admin_label=&#8220;Colonne&#8220; _builder_version=&#8220;4.27.4&#8243; _module_preset=&#8220;default&#8220; global_colors_info=&#8220;{}&#8220;][et_pb_text _builder_version=&#8220;4.27.2&#8243; _module_preset=&#8220;default&#8220; header_4_font_size=&#8220;16px&#8220; global_colors_info=&#8220;{}&#8220;]<\/p>\n<p><span class=\"call-us-img\"><\/span><\/p>\n<h2>Kontaktieren Sie uns<\/h2>\n<p>Wir freuen uns auf Ihre Nachricht<\/p>\n<div class=\"contact-icon-address\"><\/div>\n<h3>Adressen<\/h3>\n<h4>Gesch\u00e4ftszentrum<\/h4>\n<p>Rue Adrien-Lachenal 26<br \/>1207 Genf<br \/>Schweiz<\/p>\n<h4>Operativer Sitz<\/h4>\n<p>Rue Ferdinand-Hodler 23<br \/>1207 Genf<br \/>Schweiz<\/p>\n<div class=\"contact-icon-phone\"><\/div>\n<h3>Telefon<\/h3>\n<p><a href=\"tel:0041225668245\">+41 (0)22 566 82 45<\/a><\/p>\n<p>[\/et_pb_text][\/et_pb_column][et_pb_column type=&#8220;1_2&#8243; module_class=&#8220;contact-form-square&#8220; _builder_version=&#8220;4.27.2&#8243; _module_preset=&#8220;default&#8220; global_colors_info=&#8220;{}&#8220;][et_pb_text module_class=&#8220;top-form&#8220; _builder_version=&#8220;4.27.4&#8243; _module_preset=&#8220;default&#8220; text_font=&#8220;|600|||||||&#8220; text_font_size=&#8220;1.38rem&#8220; global_colors_info=&#8220;{}&#8220;]<\/p>\n<p>Kontaktieren Sie unsere Experten<\/p>\n<p>[\/et_pb_text][et_pb_code admin_label=&#8220;contact-form-7&#8243; _builder_version=&#8220;4.27.2&#8243; _module_preset=&#8220;default&#8220; global_colors_info=&#8220;{}&#8220;]\n<div class=\"wpcf7 no-js\" id=\"wpcf7-f233489-o1\" lang=\"de-DE\" dir=\"ltr\" data-wpcf7-id=\"233489\">\n<div class=\"screen-reader-response\"><p role=\"status\" aria-live=\"polite\" aria-atomic=\"true\"><\/p> <ul><\/ul><\/div>\n<form action=\"\/de\/wp-json\/wp\/v2\/pages\/233980#wpcf7-f233489-o1\" method=\"post\" class=\"wpcf7-form init\" aria-label=\"Kontaktformular\" novalidate=\"novalidate\" data-status=\"init\">\n<fieldset class=\"hidden-fields-container\"><input type=\"hidden\" name=\"_wpcf7\" value=\"233489\" \/><input type=\"hidden\" name=\"_wpcf7_version\" value=\"6.1.5\" \/><input type=\"hidden\" name=\"_wpcf7_locale\" value=\"de_DE\" \/><input type=\"hidden\" name=\"_wpcf7_unit_tag\" value=\"wpcf7-f233489-o1\" \/><input type=\"hidden\" name=\"_wpcf7_container_post\" value=\"0\" \/><input type=\"hidden\" name=\"_wpcf7_posted_data_hash\" value=\"\" \/><input type=\"hidden\" name=\"_wpcf7_recaptcha_response\" value=\"\" \/>\n<\/fieldset>\n<p><span class=\"wpcf7-form-control-wrap\" data-name=\"service\"><select class=\"wpcf7-form-control wpcf7-select wpcf7-validates-as-required\" aria-required=\"true\" aria-invalid=\"false\" name=\"service\"><option value=\"\">W\u00e4hlen Sie eine Dienstleistung<\/option><option value=\"Gr\u00fcndung einer GmbH \/ AG\">Gr\u00fcndung einer GmbH \/ AG<\/option><option value=\"Buchhaltung, Mehrwertsteuer, Lohnadministration\">Buchhaltung, Mehrwertsteuer, Lohnadministration<\/option><option value=\"Firmendomizil\">Firmendomizil<\/option><option value=\"Verwaltungsrats- \/ Gesch\u00e4ftsf\u00fchrermandat\">Verwaltungsrats- \/ Gesch\u00e4ftsf\u00fchrermandat<\/option><option value=\"Mehrwertsteuervertretung\">Mehrwertsteuervertretung<\/option><option value=\"Beratung &amp; Pr\u00fcfung\">Beratung &amp; Pr\u00fcfung<\/option><option value=\"Sonstiges\">Sonstiges<\/option><\/select><\/span>\n<\/p>\n<p><span class=\"wpcf7-form-control-wrap\" data-name=\"civilite\"><span class=\"wpcf7-form-control wpcf7-radio\"><span class=\"wpcf7-list-item first\"><label><input type=\"radio\" name=\"civilite\" value=\"Herr\" \/><span class=\"wpcf7-list-item-label\">Herr<\/span><\/label><\/span><span class=\"wpcf7-list-item last\"><label><input type=\"radio\" name=\"civilite\" value=\"Frau\" \/><span class=\"wpcf7-list-item-label\">Frau<\/span><\/label><\/span><\/span><\/span>\n<\/p>\n<p><label>Vorname* :<\/label><span class=\"wpcf7-form-control-wrap\" data-name=\"firstname\"><input size=\"40\" maxlength=\"400\" class=\"wpcf7-form-control wpcf7-text wpcf7-validates-as-required\" aria-required=\"true\" aria-invalid=\"false\" placeholder=\"Ihr Vorname\" value=\"\" type=\"text\" name=\"firstname\" \/><\/span>\n<\/p>\n<p><label>Nachname* :<\/label><span class=\"wpcf7-form-control-wrap\" data-name=\"lastname\"><input size=\"40\" maxlength=\"400\" class=\"wpcf7-form-control wpcf7-text wpcf7-validates-as-required\" aria-required=\"true\" aria-invalid=\"false\" placeholder=\"Ihr Nachname\" value=\"\" type=\"text\" name=\"lastname\" \/><\/span>\n<\/p>\n<p><label>E-Mail* :<\/label><span class=\"wpcf7-form-control-wrap\" data-name=\"email\"><input size=\"40\" maxlength=\"400\" class=\"wpcf7-form-control wpcf7-email wpcf7-validates-as-required wpcf7-text wpcf7-validates-as-email\" autocomplete=\"email\" aria-required=\"true\" aria-invalid=\"false\" placeholder=\"E-Mail\" value=\"\" type=\"email\" name=\"email\" \/><\/span>\n<\/p>\n<p><label>Telefon* :<\/label><span class=\"wpcf7-form-control-wrap\" data-name=\"phone\"><input size=\"40\" maxlength=\"400\" class=\"wpcf7-form-control wpcf7-tel wpcf7-validates-as-required wpcf7-text wpcf7-validates-as-tel\" autocomplete=\"tel\" aria-required=\"true\" aria-invalid=\"false\" placeholder=\"Telefon\" value=\"\" type=\"tel\" name=\"phone\" \/><\/span>\n<\/p>\n<p><span class=\"wpcf7-form-control-wrap\" data-name=\"message\"><textarea cols=\"40\" rows=\"10\" maxlength=\"2000\" class=\"wpcf7-form-control wpcf7-textarea wpcf7-validates-as-required\" aria-required=\"true\" aria-invalid=\"false\" placeholder=\"Beschreiben Sie Ihr Projekt: Ziel, Gesellschaftsform, Frist...\" name=\"message\"><\/textarea><\/span>\n<\/p>\n<div class=\"form-item form-acceptance\">\n\t<p><span class=\"wpcf7-form-control-wrap\" data-name=\"cmplz-acceptance\"><span class=\"wpcf7-form-control wpcf7-acceptance\"><span class=\"wpcf7-list-item\"><label><input type=\"checkbox\" name=\"cmplz-acceptance\" value=\"1\" aria-invalid=\"false\" \/><span class=\"wpcf7-list-item-label\">Um dieses Formular zu senden, m\u00fcssen Sie unsere \n    <a rel=\"nofollow\" href=\"https:\/\/www.rister.ch\/de\/datenschutzerklaerung\/\" target=\"_blank\">Datenschutzerkl\u00e4rung<\/a>\n    akzeptieren.<\/span><\/label><\/span><\/span><\/span>\n\t<\/p>\n<\/div>\n<p><input class=\"wpcf7-form-control wpcf7-submit has-spinner\" type=\"submit\" value=\"Kontaktieren Sie uns\" \/>\n<\/p><div class=\"wpcf7-response-output\" aria-hidden=\"true\"><\/div>\n<\/form>\n<\/div>\n[\/et_pb_code][\/et_pb_column][\/et_pb_row][\/et_pb_section]<\/p>\n","protected":false},"excerpt":{"rendered":"<p>DIREKTOR Andr\u00e9s Taracido, CIWM TEP Andr\u00e9s Taracido, Jahrgang 1972 und geb\u00fcrtig aus Genf, verf\u00fcgt \u00fcber ein eidgen\u00f6ssisches Diplom als Experte f\u00fcr Finanzen und Anlagen; ein Diplom als Certified International Wealth Manager (CIWM); ein Diplom der Society of Trust and Estate Practitioners (STEP) und die TEP-Akkreditierung; einen CAS in KMU-Besteuerung sowie eine Zertifizierung in Versicherungen und [&hellip;]<\/p>\n","protected":false},"author":3,"featured_media":0,"parent":0,"menu_order":0,"comment_status":"closed","ping_status":"closed","template":"","meta":{"_acf_changed":false,"_et_pb_use_builder":"on","_et_pb_old_content":"","_et_gb_content_width":"","inline_featured_image":false,"footnotes":""},"class_list":["post-233980","page","type-page","status-publish","hentry"],"acf":[],"_links":{"self":[{"href":"https:\/\/www.rister.ch\/de\/wp-json\/wp\/v2\/pages\/233980","targetHints":{"allow":["GET"]}}],"collection":[{"href":"https:\/\/www.rister.ch\/de\/wp-json\/wp\/v2\/pages"}],"about":[{"href":"https:\/\/www.rister.ch\/de\/wp-json\/wp\/v2\/types\/page"}],"author":[{"embeddable":true,"href":"https:\/\/www.rister.ch\/de\/wp-json\/wp\/v2\/users\/3"}],"replies":[{"embeddable":true,"href":"https:\/\/www.rister.ch\/de\/wp-json\/wp\/v2\/comments?post=233980"}],"version-history":[{"count":8,"href":"https:\/\/www.rister.ch\/de\/wp-json\/wp\/v2\/pages\/233980\/revisions"}],"predecessor-version":[{"id":234022,"href":"https:\/\/www.rister.ch\/de\/wp-json\/wp\/v2\/pages\/233980\/revisions\/234022"}],"wp:attachment":[{"href":"https:\/\/www.rister.ch\/de\/wp-json\/wp\/v2\/media?parent=233980"}],"curies":[{"name":"wp","href":"https:\/\/api.w.org\/{rel}","templated":true}]}}