{"id":233751,"date":"2024-10-29T09:33:29","date_gmt":"2024-10-29T08:33:29","guid":{"rendered":"https:\/\/www.rister.ch\/aktuelles\/"},"modified":"2026-03-24T14:43:23","modified_gmt":"2026-03-24T13:43:23","slug":"aktuelles","status":"publish","type":"page","link":"https:\/\/www.rister.ch\/de\/aktuelles\/","title":{"rendered":"Aktuelles"},"content":{"rendered":"<p>[et_pb_section fb_built=&#8220;1&#8243; _builder_version=&#8220;4.27.2&#8243; _module_preset=&#8220;default&#8220; custom_margin=&#8220;||40px||false|false&#8220; custom_padding=&#8220;||40px||false|false&#8220; global_module=&#8220;744&#8243; saved_tabs=&#8220;all&#8220; global_colors_info=&#8220;{}&#8220;][et_pb_row _builder_version=&#8220;4.27.4&#8243; _module_preset=&#8220;default&#8220; global_colors_info=&#8220;{}&#8220;][et_pb_column type=&#8220;4_4&#8243; _builder_version=&#8220;4.27.4&#8243; _module_preset=&#8220;default&#8220; global_colors_info=&#8220;{}&#8220;][et_pb_text _builder_version=&#8220;4.27.4&#8243; _module_preset=&#8220;default&#8220; header_text_align=&#8220;center&#8220; global_colors_info=&#8220;{}&#8220;]<\/p>\n<h1>Aktuelles &amp; Tipps von RISTER<\/h1>\n<p>[\/et_pb_text][\/et_pb_column][\/et_pb_row][et_pb_row column_structure=&#8220;1_2,1_2&#8243; make_equal=&#8220;on&#8220; _builder_version=&#8220;4.27.5&#8243; _module_preset=&#8220;default&#8220; global_colors_info=&#8220;{}&#8220;][et_pb_column type=&#8220;1_2&#8243; _builder_version=&#8220;4.27.5&#8243; _module_preset=&#8220;default&#8220; global_colors_info=&#8220;{}&#8220;][et_pb_blog posts_number=&#8220;1&#8243; show_author=&#8220;off&#8220; show_date=&#8220;off&#8220; show_categories=&#8220;off&#8220; show_excerpt=&#8220;off&#8220; show_pagination=&#8220;off&#8220; _builder_version=&#8220;4.27.5&#8243; _module_preset=&#8220;default&#8220; custom_css_title=&#8220;display: none;&#8220; border_radii_image=&#8220;on|15px|15px|15px|15px&#8220; global_colors_info=&#8220;{}&#8220;][\/et_pb_blog][\/et_pb_column][et_pb_column type=&#8220;1_2&#8243; _builder_version=&#8220;4.27.5&#8243; _module_preset=&#8220;default&#8220; custom_css_main_element=&#8220;margin: auto;&#8220; global_colors_info=&#8220;{}&#8220;][et_pb_blog posts_number=&#8220;1&#8243; show_thumbnail=&#8220;off&#8220; show_more=&#8220;on&#8220; show_author=&#8220;off&#8220; show_date=&#8220;off&#8220; show_categories=&#8220;off&#8220; show_pagination=&#8220;off&#8220; _builder_version=&#8220;4.27.6&#8243; _module_preset=&#8220;default&#8220; header_font=&#8220;|700|||||||&#8220; header_font_size=&#8220;24px&#8220; header_line_height=&#8220;120%&#8220; read_more_font=&#8220;|600|||||||&#8220; read_more_text_color=&#8220;#FFFFFF&#8220; read_more_font_size=&#8220;16px&#8220; custom_css_read_more=&#8220;background: #3b93A3;||width: fit-content;||padding: 8px 16px;||border-radius: 10px;||margin-top:16px;&#8220; global_colors_info=&#8220;{}&#8220;][\/et_pb_blog][\/et_pb_column][\/et_pb_row][\/et_pb_section][et_pb_section fb_built=&#8220;1&#8243; _builder_version=&#8220;4.27.2&#8243; _module_preset=&#8220;default&#8220; custom_margin=&#8220;0px||||false|false&#8220; custom_padding=&#8220;0px||||false|false&#8220; global_colors_info=&#8220;{}&#8220;][et_pb_row _builder_version=&#8220;4.27.6&#8243; _module_preset=&#8220;default&#8220; width=&#8220;100%&#8220; module_alignment=&#8220;center&#8220; custom_margin=&#8220;0px||||false|false&#8220; custom_padding=&#8220;0px||||false|false&#8220; hover_enabled=&#8220;0&#8243; collapsed=&#8220;off&#8220; global_colors_info=&#8220;{}&#8220; sticky_enabled=&#8220;0&#8243;][et_pb_column type=&#8220;4_4&#8243; _builder_version=&#8220;4.27.2&#8243; _module_preset=&#8220;default&#8220; custom_padding=&#8220;0px||||false|false&#8220; global_colors_info=&#8220;{}&#8220;][et_pb_blog fullwidth=&#8220;off&#8220; posts_number=&#8220;12&#8243; use_manual_excerpt=&#8220;off&#8220; show_author=&#8220;off&#8220; show_date=&#8220;off&#8220; show_categories=&#8220;off&#8220; show_excerpt=&#8220;off&#8220; offset_number=&#8220;1&#8243; _builder_version=&#8220;4.27.5&#8243; _module_preset=&#8220;default&#8220; header_level=&#8220;h3&#8243; header_font_size=&#8220;19px&#8220; pagination_font=&#8220;|600|||||||&#8220; custom_css_title=&#8220;height: 60px&#8220; border_radii=&#8220;on|15px|15px|15px|15px&#8220; border_width_all=&#8220;0px&#8220; border_radii_image=&#8220;on|18px|18px|18px|18px&#8220; locked=&#8220;off&#8220; global_colors_info=&#8220;{}&#8220;][\/et_pb_blog][\/et_pb_column][\/et_pb_row][\/et_pb_section][et_pb_section fb_built=&#8220;1&#8243; admin_label=&#8220;Section Contact Footer&#8220; module_id=&#8220;contact-us&#8220; _builder_version=&#8220;4.27.4&#8243; _module_preset=&#8220;default&#8220; background_color=&#8220;#F8FAFE&#8220; global_module=&#8220;479&#8243; saved_tabs=&#8220;all&#8220; locked=&#8220;off&#8220; collapsed=&#8220;off&#8220; global_colors_info=&#8220;{}&#8220;][et_pb_row column_structure=&#8220;2_5,3_5&#8243; use_custom_gutter=&#8220;on&#8220; gutter_width=&#8220;1&#8243; make_equal=&#8220;on&#8220; _builder_version=&#8220;4.27.5&#8243; _module_preset=&#8220;default&#8220; background_color=&#8220;#FFFFFF&#8220; custom_padding=&#8220;0px||0px||true|false&#8220; custom_css_main_element=&#8220;padding: 0 !important;&#8220; border_radii=&#8220;on|24px|24px|24px|24px&#8220; locked=&#8220;off&#8220; global_colors_info=&#8220;{}&#8220;][et_pb_column type=&#8220;2_5&#8243; _builder_version=&#8220;4.27.5&#8243; _module_preset=&#8220;default&#8220; border_width_right=&#8220;2px&#8220; border_color_right=&#8220;#e2e8f0&#8243; border_width_right_tablet=&#8220;&#8220; border_width_right_phone=&#8220;&#8220; border_width_right_last_edited=&#8220;on|desktop&#8220; global_colors_info=&#8220;{}&#8220;][et_pb_text _builder_version=&#8220;4.27.5&#8243; _module_preset=&#8220;default&#8220; text_font=&#8220;|600|||||||&#8220; text_text_color=&#8220;#FFFFFF&#8220; header_2_font=&#8220;|800|||||||&#8220; header_2_text_color=&#8220;#FFFFFF&#8220; header_2_font_size=&#8220;40px&#8220; use_background_color_gradient=&#8220;on&#8220; background_color_gradient_direction=&#8220;135deg&#8220; background_color_gradient_stops=&#8220;rgba(0,121,142,0.71) 0%|rgba(0,173,191,0.51) 100%&#8220; background_color_gradient_overlays_image=&#8220;on&#8220; background_image=&#8220;https:\/\/www.rister.ch\/wp-content\/uploads\/2025\/12\/bureau-Rister-fiduciaire-geneve.jpeg&#8220; height=&#8220;320px&#8220; custom_margin=&#8220;||||false|false&#8220; custom_padding=&#8220;||||false|false&#8220; header_2_font_size_tablet=&#8220;&#8220; header_2_font_size_phone=&#8220;32px&#8220; header_2_font_size_last_edited=&#8220;on|phone&#8220; custom_css_main_element=&#8220;    padding: 50px 40px;||    display: flex;||    flex-direction: column;||    justify-content: center;&#8220; text_text_shadow_style=&#8220;preset3&#8243; header_2_text_shadow_style=&#8220;preset3&#8243; global_colors_info=&#8220;{}&#8220;]<\/p>\n<h2>Sichern Sie Ihr Projekt in der Schweiz ab<\/h2>\n<div class=\"hero-section\">\n<div class=\"hero-content\">\n<p>Kontaktieren Sie uns f\u00fcr Ihr Erstgespr\u00e4ch. Gemeinsam legen wir die n\u00e4chsten Schritte Ihres Projekts fest. <\/p>\n<\/div>\n<\/div>\n<p>[\/et_pb_text][et_pb_text _builder_version=&#8220;4.27.5&#8243; _module_preset=&#8220;default&#8220; global_colors_info=&#8220;{}&#8220;]<\/p>\n<div class=\"rister-contact-info\">\n<div class=\"contact-info-item\">\n<div class=\"contact-icon\"><span class=\"et-pb-icon\">\ue081<\/span><\/div>\n<div class=\"contact-content\">\n<h3>Verwaltungssitz<\/h3>\n<p>Ferdinand-Hodler-Stra\u00dfe 23<\/p>\n<p>1207 Genf, Schweiz<\/p>\n<\/div>\n<\/div>\n<div class=\"contact-info-item\">\n<div class=\"contact-icon\"><span class=\"et-pb-icon\">\ue0fd<\/span><\/div>\n<div class=\"contact-content\">\n<h3>Business Center<\/h3>\n<p>Adrien-Lachenal-Stra\u00dfe 26<\/p>\n<p>1207 Genf, Schweiz<\/p>\n<\/div>\n<\/div>\n<p><a href=\"tel:+41225668245\" class=\"contact-info-item contact-info-link\"><\/p>\n<div class=\"contact-icon\"><span class=\"et-pb-icon\">\ue090<\/span><\/div>\n<div class=\"contact-content\">\n<h3>Telefon<\/h3>\n<p>+41 (0)22 566 82 45<\/p>\n<\/div>\n<p><\/a><\/p>\n<\/div>\n<p>[\/et_pb_text][\/et_pb_column][et_pb_column type=&#8220;3_5&#8243; _builder_version=&#8220;4.27.5&#8243; _module_preset=&#8220;default&#8220; custom_padding=&#8220;60px|100px|60px|100px|true|true&#8220; custom_padding_tablet=&#8220;|0px||0px|true|true&#8220; custom_padding_phone=&#8220;&#8220; custom_padding_last_edited=&#8220;on|phone&#8220; global_colors_info=&#8220;{}&#8220;][et_pb_text _builder_version=&#8220;4.27.5&#8243; _module_preset=&#8220;default&#8220; text_text_color=&#8220;#5b697b&#8220; text_font_size=&#8220;16px&#8220; header_3_font=&#8220;|800|||||||&#8220; header_3_text_color=&#8220;#152842&#8243; header_3_font_size=&#8220;30px&#8220; min_height=&#8220;63.8px&#8220; custom_margin=&#8220;||8px||false|false&#8220; global_colors_info=&#8220;{}&#8220;]<\/p>\n<h3>Kontaktieren Sie den Experten<\/h3>\n<p data-start=\"1344\" data-end=\"1413\">F\u00fcllen Sie das Formular aus und wir werden uns umgehend mit Ihnen in Verbindung setzen.<\/p>\n<p>[\/et_pb_text][et_pb_code admin_label=&#8220;contact-form-7&#8243; _builder_version=&#8220;4.27.5&#8243; _module_preset=&#8220;default&#8220; custom_padding=&#8220;||||true|true&#8220; global_colors_info=&#8220;{}&#8220;]\n<div class=\"wpcf7 no-js\" id=\"wpcf7-f233489-o1\" lang=\"de-DE\" dir=\"ltr\" data-wpcf7-id=\"233489\">\n<div class=\"screen-reader-response\"><p role=\"status\" aria-live=\"polite\" aria-atomic=\"true\"><\/p> <ul><\/ul><\/div>\n<form action=\"\/de\/wp-json\/wp\/v2\/pages\/233751#wpcf7-f233489-o1\" method=\"post\" class=\"wpcf7-form init\" aria-label=\"Kontaktformular\" novalidate=\"novalidate\" data-status=\"init\">\n<fieldset class=\"hidden-fields-container\"><input type=\"hidden\" name=\"_wpcf7\" value=\"233489\" \/><input type=\"hidden\" name=\"_wpcf7_version\" value=\"6.1.5\" \/><input type=\"hidden\" name=\"_wpcf7_locale\" value=\"de_DE\" \/><input type=\"hidden\" name=\"_wpcf7_unit_tag\" value=\"wpcf7-f233489-o1\" \/><input type=\"hidden\" name=\"_wpcf7_container_post\" value=\"0\" \/><input type=\"hidden\" name=\"_wpcf7_posted_data_hash\" value=\"\" \/><input type=\"hidden\" name=\"_wpcf7_recaptcha_response\" value=\"\" \/>\n<\/fieldset>\n<p><span class=\"wpcf7-form-control-wrap\" data-name=\"service\"><select class=\"wpcf7-form-control wpcf7-select wpcf7-validates-as-required\" aria-required=\"true\" aria-invalid=\"false\" name=\"service\"><option value=\"\">W\u00e4hlen Sie eine Dienstleistung<\/option><option value=\"Gr\u00fcndung einer GmbH \/ AG\">Gr\u00fcndung einer GmbH \/ AG<\/option><option value=\"Buchhaltung, Mehrwertsteuer, Lohnadministration\">Buchhaltung, Mehrwertsteuer, Lohnadministration<\/option><option value=\"Firmendomizil\">Firmendomizil<\/option><option value=\"Verwaltungsrats- \/ Gesch\u00e4ftsf\u00fchrermandat\">Verwaltungsrats- \/ Gesch\u00e4ftsf\u00fchrermandat<\/option><option value=\"Mehrwertsteuervertretung\">Mehrwertsteuervertretung<\/option><option value=\"Beratung &amp; Pr\u00fcfung\">Beratung &amp; Pr\u00fcfung<\/option><option value=\"Sonstiges\">Sonstiges<\/option><\/select><\/span>\n<\/p>\n<p><span class=\"wpcf7-form-control-wrap\" data-name=\"civilite\"><span class=\"wpcf7-form-control wpcf7-radio\"><span class=\"wpcf7-list-item first\"><label><input type=\"radio\" name=\"civilite\" value=\"Herr\" \/><span class=\"wpcf7-list-item-label\">Herr<\/span><\/label><\/span><span class=\"wpcf7-list-item last\"><label><input type=\"radio\" name=\"civilite\" value=\"Frau\" \/><span class=\"wpcf7-list-item-label\">Frau<\/span><\/label><\/span><\/span><\/span>\n<\/p>\n<p><label>Vorname* :<\/label><span class=\"wpcf7-form-control-wrap\" data-name=\"firstname\"><input size=\"40\" maxlength=\"400\" class=\"wpcf7-form-control wpcf7-text wpcf7-validates-as-required\" aria-required=\"true\" aria-invalid=\"false\" placeholder=\"Ihr Vorname\" value=\"\" type=\"text\" name=\"firstname\" \/><\/span>\n<\/p>\n<p><label>Nachname* :<\/label><span class=\"wpcf7-form-control-wrap\" data-name=\"lastname\"><input size=\"40\" maxlength=\"400\" class=\"wpcf7-form-control wpcf7-text wpcf7-validates-as-required\" aria-required=\"true\" aria-invalid=\"false\" placeholder=\"Ihr Nachname\" value=\"\" type=\"text\" name=\"lastname\" \/><\/span>\n<\/p>\n<p><label>E-Mail* :<\/label><span class=\"wpcf7-form-control-wrap\" data-name=\"email\"><input size=\"40\" maxlength=\"400\" class=\"wpcf7-form-control wpcf7-email wpcf7-validates-as-required wpcf7-text wpcf7-validates-as-email\" autocomplete=\"email\" aria-required=\"true\" aria-invalid=\"false\" placeholder=\"E-Mail\" value=\"\" type=\"email\" name=\"email\" \/><\/span>\n<\/p>\n<p><label>Telefon* :<\/label><span class=\"wpcf7-form-control-wrap\" data-name=\"phone\"><input size=\"40\" maxlength=\"400\" class=\"wpcf7-form-control wpcf7-tel wpcf7-validates-as-required wpcf7-text wpcf7-validates-as-tel\" autocomplete=\"tel\" aria-required=\"true\" aria-invalid=\"false\" placeholder=\"Telefon\" value=\"\" type=\"tel\" name=\"phone\" \/><\/span>\n<\/p>\n<p><span class=\"wpcf7-form-control-wrap\" data-name=\"message\"><textarea cols=\"40\" rows=\"10\" maxlength=\"2000\" class=\"wpcf7-form-control wpcf7-textarea wpcf7-validates-as-required\" aria-required=\"true\" aria-invalid=\"false\" placeholder=\"Beschreiben Sie Ihr Projekt: Ziel, Gesellschaftsform, Frist...\" name=\"message\"><\/textarea><\/span>\n<\/p>\n<div class=\"form-item form-acceptance\">\n\t<p><span class=\"wpcf7-form-control-wrap\" data-name=\"cmplz-acceptance\"><span class=\"wpcf7-form-control wpcf7-acceptance\"><span class=\"wpcf7-list-item\"><label><input type=\"checkbox\" name=\"cmplz-acceptance\" value=\"1\" aria-invalid=\"false\" \/><span class=\"wpcf7-list-item-label\">Um dieses Formular zu senden, m\u00fcssen Sie unsere \n    <a rel=\"nofollow\" href=\"https:\/\/www.rister.ch\/de\/datenschutzerklaerung\/\" target=\"_blank\">Datenschutzerkl\u00e4rung<\/a>\n    akzeptieren.<\/span><\/label><\/span><\/span><\/span>\n\t<\/p>\n<\/div>\n<p><input class=\"wpcf7-form-control wpcf7-submit has-spinner\" type=\"submit\" value=\"Kontaktieren Sie uns\" \/>\n<\/p><div class=\"wpcf7-response-output\" aria-hidden=\"true\"><\/div>\n<\/form>\n<\/div>\n[\/et_pb_code][\/et_pb_column][\/et_pb_row][\/et_pb_section]<\/p>\n","protected":false},"excerpt":{"rendered":"<p>Aktuelles &amp; Tipps von RISTERSichern Sie Ihr Projekt in der Schweiz ab Kontaktieren Sie uns f\u00fcr Ihr Erstgespr\u00e4ch. Gemeinsam legen wir die n\u00e4chsten Schritte Ihres Projekts fest. \ue081 Verwaltungssitz Ferdinand-Hodler-Stra\u00dfe 23 1207 Genf, Schweiz \ue0fd Business Center Adrien-Lachenal-Stra\u00dfe 26 1207 Genf, Schweiz \ue090 Telefon +41 (0)22 566 82 45 Kontaktieren Sie den Experten F\u00fcllen Sie [&hellip;]<\/p>\n","protected":false},"author":3,"featured_media":0,"parent":0,"menu_order":4,"comment_status":"closed","ping_status":"closed","template":"","meta":{"_acf_changed":false,"_et_pb_use_builder":"on","_et_pb_old_content":"","_et_gb_content_width":"","inline_featured_image":false,"footnotes":""},"class_list":["post-233751","page","type-page","status-publish","hentry"],"acf":[],"_links":{"self":[{"href":"https:\/\/www.rister.ch\/de\/wp-json\/wp\/v2\/pages\/233751","targetHints":{"allow":["GET"]}}],"collection":[{"href":"https:\/\/www.rister.ch\/de\/wp-json\/wp\/v2\/pages"}],"about":[{"href":"https:\/\/www.rister.ch\/de\/wp-json\/wp\/v2\/types\/page"}],"author":[{"embeddable":true,"href":"https:\/\/www.rister.ch\/de\/wp-json\/wp\/v2\/users\/3"}],"replies":[{"embeddable":true,"href":"https:\/\/www.rister.ch\/de\/wp-json\/wp\/v2\/comments?post=233751"}],"version-history":[{"count":4,"href":"https:\/\/www.rister.ch\/de\/wp-json\/wp\/v2\/pages\/233751\/revisions"}],"predecessor-version":[{"id":233767,"href":"https:\/\/www.rister.ch\/de\/wp-json\/wp\/v2\/pages\/233751\/revisions\/233767"}],"wp:attachment":[{"href":"https:\/\/www.rister.ch\/de\/wp-json\/wp\/v2\/media?parent=233751"}],"curies":[{"name":"wp","href":"https:\/\/api.w.org\/{rel}","templated":true}]}}